{"id":11392,"date":"2025-08-29T10:20:02","date_gmt":"2025-08-29T09:20:02","guid":{"rendered":"https:\/\/pebek.pl\/sklep\/unkategorisiert\/tetris-20x20\/"},"modified":"2022-10-11T17:54:08","modified_gmt":"2022-10-11T16:54:08","slug":"tetris-20x20","status":"publish","type":"product","link":"https:\/\/pebek.pl\/de\/sklep\/pflasterstein\/tetris-20x20\/","title":{"rendered":"Tetris 20&#215;20"},"content":{"rendered":"<div class=\"FeedBlockStory TaskStoryFeed-blockStory\">\n<div class=\"FeedBlockStory-content\">\n<div class=\"BlockStoryStructure BlockStory\">\n<div class=\"BlockStoryStructure-block\">\n<div class=\"BlockStoryStructure-body\">\n<div class=\"TruncatedRichText\">\n<div class=\"RichText TruncatedRichText-richText\">Der Tetris-Pflasterstein ist dank seiner klassischen Form ideal f\u00fcr moderne, einfache Projekte. Es eignet sich auch f\u00fcr klassische, traditionelle Projekte. Mit einer rauen Oberfl\u00e4che und einer Vielzahl von Farben ist f\u00fcr jeden etwas dabei.<\/div>\n<\/div>\n<\/div>\n<\/div>\n<\/div>\n<div id=\"lui_4055\" class=\"ThemeableIconButton--isEnabled ThemeableIconButton ThemeableIconButton--medium SubtleIconButton--standardTheme SubtleIconButton FeedBlockStory-actionsDropdownButton\" tabindex=\"0\" role=\"button\" aria-label=\"Poka\u017c opcje\" aria-expanded=\"false\"><\/div>\n<\/div>\n<\/div>\n<div class=\"FeedMiniStory TaskStoryFeed-miniStory\">\n<div class=\"FeedMiniStory-story BacklinkMiniStory\"><\/div>\n<\/div>\n<p>&nbsp;<\/p>\n<p>&nbsp;<\/p>\n<p>&nbsp;<\/p>\n","protected":false},"excerpt":{"rendered":"<p>Perfekt f\u00fcr Kunden, die eine klassische Form mit ungew\u00f6hnlichen Stra\u00dfenoberfl\u00e4chen und Farben kombinieren wollen!<\/p>\n","protected":false},"featured_media":22664,"template":"","meta":{"_acf_changed":false,"site-sidebar-layout":"default","site-content-layout":"","ast-site-content-layout":"default","site-content-style":"default","site-sidebar-style":"default","ast-global-header-display":"","ast-banner-title-visibility":"","ast-main-header-display":"","ast-hfb-above-header-display":"","ast-hfb-below-header-display":"","ast-hfb-mobile-header-display":"","site-post-title":"","ast-breadcrumbs-content":"","ast-featured-img":"","footer-sml-layout":"","ast-disable-related-posts":"","theme-transparent-header-meta":"default","adv-header-id-meta":"","stick-header-meta":"default","header-above-stick-meta":"","header-main-stick-meta":"","header-below-stick-meta":"","astra-migrate-meta-layouts":"default","ast-page-background-enabled":"default","ast-page-background-meta":{"desktop":{"background-color":"var(--ast-global-color-5)","background-image":"","background-repeat":"repeat","background-position":"center center","background-size":"auto","background-attachment":"scroll","background-type":"","background-media":"","overlay-type":"","overlay-color":"","overlay-opacity":"","overlay-gradient":""},"tablet":{"background-color":"","background-image":"","background-repeat":"repeat","background-position":"center center","background-size":"auto","background-attachment":"scroll","background-type":"","background-media":"","overlay-type":"","overlay-color":"","overlay-opacity":"","overlay-gradient":""},"mobile":{"background-color":"","background-image":"","background-repeat":"repeat","background-position":"center center","background-size":"auto","background-attachment":"scroll","background-type":"","background-media":"","overlay-type":"","overlay-color":"","overlay-opacity":"","overlay-gradient":""}},"ast-content-background-meta":{"desktop":{"background-color":"var(--ast-global-color-4)","background-image":"","background-repeat":"repeat","background-position":"center center","background-size":"auto","background-attachment":"scroll","background-type":"","background-media":"","overlay-type":"","overlay-color":"","overlay-opacity":"","overlay-gradient":""},"tablet":{"background-color":"var(--ast-global-color-4)","background-image":"","background-repeat":"repeat","background-position":"center center","background-size":"auto","background-attachment":"scroll","background-type":"","background-media":"","overlay-type":"","overlay-color":"","overlay-opacity":"","overlay-gradient":""},"mobile":{"background-color":"var(--ast-global-color-4)","background-image":"","background-repeat":"repeat","background-position":"center center","background-size":"auto","background-attachment":"scroll","background-type":"","background-media":"","overlay-type":"","overlay-color":"","overlay-opacity":"","overlay-gradient":""}}},"product_brand":[],"product_cat":[147],"product_tag":[],"class_list":{"0":"post-11392","1":"product","2":"type-product","3":"status-publish","4":"has-post-thumbnail","6":"product_cat-pflasterstein","7":"pa_grubosc-8-cm-de","8":"pa_il-w-warstwie-30-de","9":"pa_kolor-struktura-antracyt-monocolor","10":"pa_kolor-struktura-antracyt-srutowanie","11":"pa_kolor-struktura-antracyt-clasic","12":"pa_kolor-struktura-bialy-monocolor","13":"pa_kolor-struktura-bialy-srutowanie","14":"pa_kolor-struktura-czerwony-clasic","15":"pa_kolor-struktura-szary-monocolor","16":"pa_kolor-struktura-szary-srutowanie","17":"pa_kolor-struktura-szary-clasic","18":"pa_krawedz-phase","19":"pa_paczka-m2-96-de","20":"pa_wrc-wrc-1-de","21":"pa_wrc-wrc-5-de","22":"pa_wybierz-uszlachetnienie-classic","23":"pa_wybierz-uszlachetnienie-monocolor","24":"pa_wybierz-uszlachetnienie-srutowanie","25":"pa_zabezpieczenie-powierzchni-wrc-1-standard","26":"pa_zabezpieczenie-powierzchni-wrc-5","27":"desktop-align-left","28":"tablet-align-left","29":"mobile-align-left","31":"first","32":"instock","33":"taxable","34":"shipping-taxable","35":"purchasable","36":"product-type-variable"},"acf":[],"_links":{"self":[{"href":"https:\/\/pebek.pl\/de\/wp-json\/wp\/v2\/product\/11392","targetHints":{"allow":["GET"]}}],"collection":[{"href":"https:\/\/pebek.pl\/de\/wp-json\/wp\/v2\/product"}],"about":[{"href":"https:\/\/pebek.pl\/de\/wp-json\/wp\/v2\/types\/product"}],"wp:featuredmedia":[{"embeddable":true,"href":"https:\/\/pebek.pl\/de\/wp-json\/wp\/v2\/media\/22664"}],"wp:attachment":[{"href":"https:\/\/pebek.pl\/de\/wp-json\/wp\/v2\/media?parent=11392"}],"wp:term":[{"taxonomy":"product_brand","embeddable":true,"href":"https:\/\/pebek.pl\/de\/wp-json\/wp\/v2\/product_brand?post=11392"},{"taxonomy":"product_cat","embeddable":true,"href":"https:\/\/pebek.pl\/de\/wp-json\/wp\/v2\/product_cat?post=11392"},{"taxonomy":"product_tag","embeddable":true,"href":"https:\/\/pebek.pl\/de\/wp-json\/wp\/v2\/product_tag?post=11392"}],"curies":[{"name":"wp","href":"https:\/\/api.w.org\/{rel}","templated":true}]}}