{"id":11404,"date":"2025-08-29T10:20:02","date_gmt":"2025-08-29T09:20:02","guid":{"rendered":"https:\/\/pebek.pl\/sklep\/unkategorisiert\/palazzo\/"},"modified":"2022-11-10T19:53:03","modified_gmt":"2022-11-10T18:53:03","slug":"palazzo","status":"publish","type":"product","link":"https:\/\/pebek.pl\/de\/sklep\/pflasterstein\/palazzo\/","title":{"rendered":"Palazzo"},"content":{"rendered":"<p><span style=\"font-weight: 400;\">Der Pflasterstein Palazzo ist in bis zu dreizehn verschiedenen Formaten erh\u00e4ltlich! Es hat eine ausgezeichnete Qualit\u00e4t f\u00fcr die Schaffung moderner und einzigartiger Arrangements. Erh\u00e4ltlich in den Farben: color-mix, antic und monocolor.  <\/span><\/p>\n<p><span style=\"font-weight: 400;\"> <\/span><\/p>\n<div class=\"pebek-product-section\"><\/div>\n<p>&nbsp;<\/p>\n<p>&nbsp;<\/p>\n","protected":false},"excerpt":{"rendered":"<div class=\"pebek-product-section\">\n<div class=\"pebek-description\">\n<p><span style=\"font-weight: 400;\">Die Einfachheit der Form und Textur machen es ideal f\u00fcr die Schaffung von stilvollen, eleganten Oberfl\u00e4chen. <\/span><\/p>\n<\/div>\n<\/div>\n<div class=\"pebek-product-section\"><\/div>\n","protected":false},"featured_media":22544,"template":"","meta":{"_acf_changed":false,"site-sidebar-layout":"default","site-content-layout":"","ast-site-content-layout":"default","site-content-style":"default","site-sidebar-style":"default","ast-global-header-display":"","ast-banner-title-visibility":"","ast-main-header-display":"","ast-hfb-above-header-display":"","ast-hfb-below-header-display":"","ast-hfb-mobile-header-display":"","site-post-title":"","ast-breadcrumbs-content":"","ast-featured-img":"","footer-sml-layout":"","ast-disable-related-posts":"","theme-transparent-header-meta":"default","adv-header-id-meta":"","stick-header-meta":"default","header-above-stick-meta":"","header-main-stick-meta":"","header-below-stick-meta":"","astra-migrate-meta-layouts":"default","ast-page-background-enabled":"default","ast-page-background-meta":{"desktop":{"background-color":"var(--ast-global-color-5)","background-image":"","background-repeat":"repeat","background-position":"center center","background-size":"auto","background-attachment":"scroll","background-type":"","background-media":"","overlay-type":"","overlay-color":"","overlay-opacity":"","overlay-gradient":""},"tablet":{"background-color":"","background-image":"","background-repeat":"repeat","background-position":"center center","background-size":"auto","background-attachment":"scroll","background-type":"","background-media":"","overlay-type":"","overlay-color":"","overlay-opacity":"","overlay-gradient":""},"mobile":{"background-color":"","background-image":"","background-repeat":"repeat","background-position":"center center","background-size":"auto","background-attachment":"scroll","background-type":"","background-media":"","overlay-type":"","overlay-color":"","overlay-opacity":"","overlay-gradient":""}},"ast-content-background-meta":{"desktop":{"background-color":"var(--ast-global-color-4)","background-image":"","background-repeat":"repeat","background-position":"center center","background-size":"auto","background-attachment":"scroll","background-type":"","background-media":"","overlay-type":"","overlay-color":"","overlay-opacity":"","overlay-gradient":""},"tablet":{"background-color":"var(--ast-global-color-4)","background-image":"","background-repeat":"repeat","background-position":"center center","background-size":"auto","background-attachment":"scroll","background-type":"","background-media":"","overlay-type":"","overlay-color":"","overlay-opacity":"","overlay-gradient":""},"mobile":{"background-color":"var(--ast-global-color-4)","background-image":"","background-repeat":"repeat","background-position":"center center","background-size":"auto","background-attachment":"scroll","background-type":"","background-media":"","overlay-type":"","overlay-color":"","overlay-opacity":"","overlay-gradient":""}}},"product_brand":[],"product_cat":[147],"product_tag":[],"class_list":{"0":"post-11404","1":"product","2":"type-product","3":"status-publish","4":"has-post-thumbnail","6":"product_cat-pflasterstein","7":"pa_kolor-struktura-antracyt-monocolor","8":"pa_kolor-struktura-bialy-monocolor","9":"pa_kolor-struktura-cieply-popiel-color-mix","10":"pa_kolor-struktura-coffee-mocha-color-mix-antic","11":"pa_kolor-struktura-labrador-bez-color-mix","12":"pa_kolor-struktura-slony-karmel-color-mix","13":"pa_kolor-struktura-szara-umbra-color-mix","14":"pa_kolor-struktura-szary-monocolor","15":"pa_kolor-struktura-tycjan-color-mix","16":"pa_kolor-struktura-zachod-slonca-color-mix","17":"pa_kolor-struktura-zimny-popiel-color-mix","18":"pa_kolor-struktura-zlota-aleja-color-mix","19":"pa_krawedz-keine-phase","20":"pa_wrc-wrc-1-de","21":"pa_wrc-wrc-5-de","22":"pa_wybierz-uszlachetnienie-antic","23":"pa_wybierz-uszlachetnienie-color-mix","24":"pa_wybierz-uszlachetnienie-monocolor","25":"pa_zabezpieczenie-powierzchni-wrc-1-standard","26":"pa_zabezpieczenie-powierzchni-wrc-5","27":"desktop-align-left","28":"tablet-align-left","29":"mobile-align-left","31":"first","32":"instock","33":"taxable","34":"shipping-taxable","35":"purchasable","36":"product-type-variable"},"acf":[],"_links":{"self":[{"href":"https:\/\/pebek.pl\/de\/wp-json\/wp\/v2\/product\/11404","targetHints":{"allow":["GET"]}}],"collection":[{"href":"https:\/\/pebek.pl\/de\/wp-json\/wp\/v2\/product"}],"about":[{"href":"https:\/\/pebek.pl\/de\/wp-json\/wp\/v2\/types\/product"}],"wp:featuredmedia":[{"embeddable":true,"href":"https:\/\/pebek.pl\/de\/wp-json\/wp\/v2\/media\/22544"}],"wp:attachment":[{"href":"https:\/\/pebek.pl\/de\/wp-json\/wp\/v2\/media?parent=11404"}],"wp:term":[{"taxonomy":"product_brand","embeddable":true,"href":"https:\/\/pebek.pl\/de\/wp-json\/wp\/v2\/product_brand?post=11404"},{"taxonomy":"product_cat","embeddable":true,"href":"https:\/\/pebek.pl\/de\/wp-json\/wp\/v2\/product_cat?post=11404"},{"taxonomy":"product_tag","embeddable":true,"href":"https:\/\/pebek.pl\/de\/wp-json\/wp\/v2\/product_tag?post=11404"}],"curies":[{"name":"wp","href":"https:\/\/api.w.org\/{rel}","templated":true}]}}