{"id":11428,"date":"2025-08-29T10:20:02","date_gmt":"2025-08-29T09:20:02","guid":{"rendered":"https:\/\/pebek.pl\/sklep\/unkategorisiert\/nano-sudecka\/"},"modified":"2022-11-10T19:51:49","modified_gmt":"2022-11-10T18:51:49","slug":"nano-sudecka","status":"publish","type":"product","link":"https:\/\/pebek.pl\/de\/sklep\/pflasterstein\/nano-sudecka\/","title":{"rendered":"Nano Sudecka"},"content":{"rendered":"<p><span style=\"font-weight: 400;\">Der Nanosudecka Cube zeichnet sich durch eine au\u00dfergew\u00f6hnliche Oberfl\u00e4che aus, die in gleich vier verschiedenen Veredelungsarten erh\u00e4ltlich ist. Es ist perfekt f\u00fcr moderne Arrangements, aber auch f\u00fcr traditionelle klassische Projekte &#8211; es verleiht ihnen einen au\u00dfergew\u00f6hnlichen Charakter. Es ist in sechs verschiedenen Formaten erh\u00e4ltlich, sodass f\u00fcr jeden etwas dabei ist.  <\/span><\/p>\n<div class=\"pebek-product-section\">\n<div class=\"pebek-description\">\n<div class=\"FeedBlockStory TaskStoryFeed-blockStory\">\n<div class=\"FeedBlockStory-content\">\n<div id=\"lui_2824\" class=\"ThemeableIconButton--isEnabled ThemeableIconButton ThemeableIconButton--medium SubtleIconButton--standardTheme SubtleIconButton FeedBlockStory-actionsDropdownButton\" tabindex=\"0\" role=\"button\" aria-label=\"Poka\u017c opcje\" aria-expanded=\"false\"><\/div>\n<\/div>\n<\/div>\n<div class=\"FeedBlockStory TaskStoryFeed-blockStory\">\n<div class=\"FeedBlockStory-content\">\n<div class=\"BlockStoryStructure BlockStory\"><\/div>\n<\/div>\n<\/div>\n<\/div>\n<\/div>\n<div class=\"pebek-product-section\"><\/div>\n<p>&nbsp;<\/p>\n<p>&nbsp;<\/p>\n","protected":false},"excerpt":{"rendered":"<div class=\"pebek-product-section\">\n<div class=\"pebek-description\">\n<p><span style=\"font-weight: 400;\">Der Pflasterstein vereint Funktionalit\u00e4t, exzellente Qualit\u00e4t und Sch\u00f6nheit. Er eignet sich ideal f\u00fcr moderne Szenen, bei denen es auf Einfachheit ankommt. <\/span><\/p>\n<\/div>\n<\/div>\n<div class=\"pebek-product-section\"><\/div>\n","protected":false},"featured_media":22526,"template":"","meta":{"_acf_changed":false,"site-sidebar-layout":"default","site-content-layout":"","ast-site-content-layout":"default","site-content-style":"default","site-sidebar-style":"default","ast-global-header-display":"","ast-banner-title-visibility":"","ast-main-header-display":"","ast-hfb-above-header-display":"","ast-hfb-below-header-display":"","ast-hfb-mobile-header-display":"","site-post-title":"","ast-breadcrumbs-content":"","ast-featured-img":"","footer-sml-layout":"","ast-disable-related-posts":"","theme-transparent-header-meta":"default","adv-header-id-meta":"","stick-header-meta":"default","header-above-stick-meta":"","header-main-stick-meta":"","header-below-stick-meta":"","astra-migrate-meta-layouts":"default","ast-page-background-enabled":"default","ast-page-background-meta":{"desktop":{"background-color":"var(--ast-global-color-5)","background-image":"","background-repeat":"repeat","background-position":"center center","background-size":"auto","background-attachment":"scroll","background-type":"","background-media":"","overlay-type":"","overlay-color":"","overlay-opacity":"","overlay-gradient":""},"tablet":{"background-color":"","background-image":"","background-repeat":"repeat","background-position":"center center","background-size":"auto","background-attachment":"scroll","background-type":"","background-media":"","overlay-type":"","overlay-color":"","overlay-opacity":"","overlay-gradient":""},"mobile":{"background-color":"","background-image":"","background-repeat":"repeat","background-position":"center center","background-size":"auto","background-attachment":"scroll","background-type":"","background-media":"","overlay-type":"","overlay-color":"","overlay-opacity":"","overlay-gradient":""}},"ast-content-background-meta":{"desktop":{"background-color":"var(--ast-global-color-4)","background-image":"","background-repeat":"repeat","background-position":"center center","background-size":"auto","background-attachment":"scroll","background-type":"","background-media":"","overlay-type":"","overlay-color":"","overlay-opacity":"","overlay-gradient":""},"tablet":{"background-color":"var(--ast-global-color-4)","background-image":"","background-repeat":"repeat","background-position":"center center","background-size":"auto","background-attachment":"scroll","background-type":"","background-media":"","overlay-type":"","overlay-color":"","overlay-opacity":"","overlay-gradient":""},"mobile":{"background-color":"var(--ast-global-color-4)","background-image":"","background-repeat":"repeat","background-position":"center center","background-size":"auto","background-attachment":"scroll","background-type":"","background-media":"","overlay-type":"","overlay-color":"","overlay-opacity":"","overlay-gradient":""}}},"product_brand":[],"product_cat":[147],"product_tag":[],"class_list":{"0":"post-11428","1":"product","2":"type-product","3":"status-publish","4":"has-post-thumbnail","6":"product_cat-pflasterstein","7":"pa_grubosc-8-cm-de","8":"pa_kolor-struktura-antracyt-monocolor","9":"pa_kolor-struktura-antracyt-srutowanie","10":"pa_kolor-struktura-antracyt-clasic","11":"pa_kolor-struktura-bialy-monocolor","12":"pa_kolor-struktura-bialy-srutowanie","13":"pa_kolor-struktura-cieply-popiel-color-mix","14":"pa_kolor-struktura-coffee-mocha-color-mix-antic","15":"pa_kolor-struktura-czerwony-clasic","16":"pa_kolor-struktura-labrador-bez-color-mix","17":"pa_kolor-struktura-slony-karmel-color-mix","18":"pa_kolor-struktura-szara-umbra-color-mix","19":"pa_kolor-struktura-szary-monocolor","20":"pa_kolor-struktura-szary-srutowanie","21":"pa_kolor-struktura-szary-clasic","22":"pa_kolor-struktura-tycjan-color-mix","23":"pa_kolor-struktura-zachod-slonca-color-mix","24":"pa_kolor-struktura-zimny-popiel-color-mix","25":"pa_kolor-struktura-zlota-aleja-color-mix","26":"pa_krawedz-mikrofaser","27":"pa_wrc-wrc-1-de","28":"pa_wrc-wrc-5-de","29":"pa_wybierz-uszlachetnienie-antic","30":"pa_wybierz-uszlachetnienie-color-mix","31":"pa_wybierz-uszlachetnienie-monocolor","32":"pa_wybierz-uszlachetnienie-srutowanie","33":"pa_zabezpieczenie-powierzchni-wrc-1-standard","34":"pa_zabezpieczenie-powierzchni-wrc-5","35":"desktop-align-left","36":"tablet-align-left","37":"mobile-align-left","39":"first","40":"instock","41":"taxable","42":"shipping-taxable","43":"purchasable","44":"product-type-variable","45":"has-default-attributes"},"acf":[],"_links":{"self":[{"href":"https:\/\/pebek.pl\/de\/wp-json\/wp\/v2\/product\/11428","targetHints":{"allow":["GET"]}}],"collection":[{"href":"https:\/\/pebek.pl\/de\/wp-json\/wp\/v2\/product"}],"about":[{"href":"https:\/\/pebek.pl\/de\/wp-json\/wp\/v2\/types\/product"}],"wp:featuredmedia":[{"embeddable":true,"href":"https:\/\/pebek.pl\/de\/wp-json\/wp\/v2\/media\/22526"}],"wp:attachment":[{"href":"https:\/\/pebek.pl\/de\/wp-json\/wp\/v2\/media?parent=11428"}],"wp:term":[{"taxonomy":"product_brand","embeddable":true,"href":"https:\/\/pebek.pl\/de\/wp-json\/wp\/v2\/product_brand?post=11428"},{"taxonomy":"product_cat","embeddable":true,"href":"https:\/\/pebek.pl\/de\/wp-json\/wp\/v2\/product_cat?post=11428"},{"taxonomy":"product_tag","embeddable":true,"href":"https:\/\/pebek.pl\/de\/wp-json\/wp\/v2\/product_tag?post=11428"}],"curies":[{"name":"wp","href":"https:\/\/api.w.org\/{rel}","templated":true}]}}