{"id":11465,"date":"2025-08-29T10:20:02","date_gmt":"2025-08-29T09:20:02","guid":{"rendered":"https:\/\/pebek.pl\/sklep\/unkategorisiert\/sudecka-wuerfel\/"},"modified":"2025-03-18T12:12:38","modified_gmt":"2025-03-18T11:12:38","slug":"sudecka-wurfel","status":"publish","type":"product","link":"https:\/\/pebek.pl\/de\/sklep\/pflasterstein\/sudecka-wurfel\/","title":{"rendered":"Sudecka-W\u00fcrfel"},"content":{"rendered":"<p><strong><span style=\"font-weight: 400;\">Sudecka-W\u00fcrfel zeichnen sich durch leicht unregelm\u00e4\u00dfige Kanten und eine raue Oberfl\u00e4che aus. Erh\u00e4ltlich in bis zu sieben verschiedenen Formaten. Es ist in folgenden Farben erh\u00e4ltlich: Classic, Color-Mix und Kugelgestrahlt. <\/span><\/strong><\/p>\n<div class=\"pebek-product-section\"><\/div>\n<p>&nbsp;<\/p>\n<p>&nbsp;<\/p>\n","protected":false},"excerpt":{"rendered":"<div class=\"pebek-product-section\">\n<div class=\"pebek-description\">\n<p class=\"p1\"><span style=\"font-weight: 400;\">Dekorative Werte gehen einher mit hervorragender Qualit\u00e4t und Funktionalit\u00e4t, die sich in modernen, schlichten Arrangements bew\u00e4hren. <\/span><\/p>\n<\/div>\n<\/div>\n<div class=\"pebek-product-section\"><\/div>\n","protected":false},"featured_media":22535,"template":"","meta":{"_acf_changed":false,"site-sidebar-layout":"default","site-content-layout":"","ast-site-content-layout":"default","site-content-style":"default","site-sidebar-style":"default","ast-global-header-display":"","ast-banner-title-visibility":"","ast-main-header-display":"","ast-hfb-above-header-display":"","ast-hfb-below-header-display":"","ast-hfb-mobile-header-display":"","site-post-title":"","ast-breadcrumbs-content":"","ast-featured-img":"","footer-sml-layout":"","ast-disable-related-posts":"","theme-transparent-header-meta":"default","adv-header-id-meta":"","stick-header-meta":"default","header-above-stick-meta":"","header-main-stick-meta":"","header-below-stick-meta":"","astra-migrate-meta-layouts":"default","ast-page-background-enabled":"default","ast-page-background-meta":{"desktop":{"background-color":"var(--ast-global-color-5)","background-image":"","background-repeat":"repeat","background-position":"center center","background-size":"auto","background-attachment":"scroll","background-type":"","background-media":"","overlay-type":"","overlay-color":"","overlay-opacity":"","overlay-gradient":""},"tablet":{"background-color":"","background-image":"","background-repeat":"repeat","background-position":"center center","background-size":"auto","background-attachment":"scroll","background-type":"","background-media":"","overlay-type":"","overlay-color":"","overlay-opacity":"","overlay-gradient":""},"mobile":{"background-color":"","background-image":"","background-repeat":"repeat","background-position":"center center","background-size":"auto","background-attachment":"scroll","background-type":"","background-media":"","overlay-type":"","overlay-color":"","overlay-opacity":"","overlay-gradient":""}},"ast-content-background-meta":{"desktop":{"background-color":"var(--ast-global-color-4)","background-image":"","background-repeat":"repeat","background-position":"center center","background-size":"auto","background-attachment":"scroll","background-type":"","background-media":"","overlay-type":"","overlay-color":"","overlay-opacity":"","overlay-gradient":""},"tablet":{"background-color":"var(--ast-global-color-4)","background-image":"","background-repeat":"repeat","background-position":"center center","background-size":"auto","background-attachment":"scroll","background-type":"","background-media":"","overlay-type":"","overlay-color":"","overlay-opacity":"","overlay-gradient":""},"mobile":{"background-color":"var(--ast-global-color-4)","background-image":"","background-repeat":"repeat","background-position":"center center","background-size":"auto","background-attachment":"scroll","background-type":"","background-media":"","overlay-type":"","overlay-color":"","overlay-opacity":"","overlay-gradient":""}}},"product_brand":[],"product_cat":[147],"product_tag":[],"class_list":{"0":"post-11465","1":"product","2":"type-product","3":"status-publish","4":"has-post-thumbnail","6":"product_cat-pflasterstein","7":"pa_grubosc-6-cm-de","8":"pa_il-w-warstwie-7-de","9":"pa_kolor-struktura-antracyt-srutowanie","10":"pa_kolor-struktura-antracyt-clasic","11":"pa_kolor-struktura-bialy-srutowanie","12":"pa_kolor-struktura-cieply-popiel-color-mix","13":"pa_kolor-struktura-coffee-mocha-color-mix-antic","14":"pa_kolor-struktura-czerwony-clasic","15":"pa_kolor-struktura-labrador-bez-color-mix","16":"pa_kolor-struktura-slony-karmel-color-mix","17":"pa_kolor-struktura-szara-umbra-color-mix","18":"pa_kolor-struktura-szary-srutowanie","19":"pa_kolor-struktura-szary-clasic","20":"pa_kolor-struktura-tycjan-color-mix","21":"pa_kolor-struktura-zachod-slonca-color-mix","22":"pa_kolor-struktura-zimny-popiel-color-mix","23":"pa_kolor-struktura-zlota-aleja-color-mix","24":"pa_krawedz-keine-phase","25":"pa_paczka-m2-108-de","26":"pa_wrc-wrc-1-de","27":"pa_wrc-wrc-5-de","28":"pa_wybierz-uszlachetnienie-classic","29":"pa_wybierz-uszlachetnienie-color-mix","30":"pa_wybierz-uszlachetnienie-srutowanie","31":"pa_zabezpieczenie-powierzchni-wrc-1-standard","32":"pa_zabezpieczenie-powierzchni-wrc-5","33":"desktop-align-left","34":"tablet-align-left","35":"mobile-align-left","37":"first","38":"instock","39":"taxable","40":"shipping-taxable","41":"purchasable","42":"product-type-variable"},"acf":[],"_links":{"self":[{"href":"https:\/\/pebek.pl\/de\/wp-json\/wp\/v2\/product\/11465","targetHints":{"allow":["GET"]}}],"collection":[{"href":"https:\/\/pebek.pl\/de\/wp-json\/wp\/v2\/product"}],"about":[{"href":"https:\/\/pebek.pl\/de\/wp-json\/wp\/v2\/types\/product"}],"wp:featuredmedia":[{"embeddable":true,"href":"https:\/\/pebek.pl\/de\/wp-json\/wp\/v2\/media\/22535"}],"wp:attachment":[{"href":"https:\/\/pebek.pl\/de\/wp-json\/wp\/v2\/media?parent=11465"}],"wp:term":[{"taxonomy":"product_brand","embeddable":true,"href":"https:\/\/pebek.pl\/de\/wp-json\/wp\/v2\/product_brand?post=11465"},{"taxonomy":"product_cat","embeddable":true,"href":"https:\/\/pebek.pl\/de\/wp-json\/wp\/v2\/product_cat?post=11465"},{"taxonomy":"product_tag","embeddable":true,"href":"https:\/\/pebek.pl\/de\/wp-json\/wp\/v2\/product_tag?post=11465"}],"curies":[{"name":"wp","href":"https:\/\/api.w.org\/{rel}","templated":true}]}}