{"id":11496,"date":"2025-08-29T10:20:02","date_gmt":"2025-08-29T09:20:02","guid":{"rendered":"https:\/\/pebek.pl\/sklep\/unkategorisiert\/pflaster-von-swidnica\/"},"modified":"2022-11-10T19:53:51","modified_gmt":"2022-11-10T18:53:51","slug":"pflaster-von-swidnica","status":"publish","type":"product","link":"https:\/\/pebek.pl\/de\/sklep\/pflasterstein\/pflaster-von-swidnica\/","title":{"rendered":"Pflaster von \u015awidnica"},"content":{"rendered":"<p><span style=\"font-weight: 400;\">Pflaster von \u015awidnica zeichnet sich vor allem durch einzigartige Farbkombinationen und abgerundete Kanten und Ecken aus. Erh\u00e4ltlich in drei verschiedenen Formaten, ist es ein ausgezeichneter Kandidat f\u00fcr die Gestaltung unverwechselbarer Oberfl\u00e4chen. Es ist in folgenden Farben erh\u00e4ltlich: Classic, Color-Mix, Antik und Kugelgestrahlt.   <\/span><\/p>\n<p>&nbsp;<\/p>\n<p>&nbsp;<\/p>\n","protected":false},"excerpt":{"rendered":"<p><span style=\"font-weight: 400;\">Die au\u00dfergew\u00f6hnliche, abgerundete Form des W\u00fcrfels macht den W\u00fcrfel perfekt, um einzigartige Oberfl\u00e4chen zu schaffen.<\/span><\/p>\n","protected":false},"featured_media":22586,"template":"","meta":{"_acf_changed":false,"site-sidebar-layout":"default","site-content-layout":"","ast-site-content-layout":"default","site-content-style":"default","site-sidebar-style":"default","ast-global-header-display":"","ast-banner-title-visibility":"","ast-main-header-display":"","ast-hfb-above-header-display":"","ast-hfb-below-header-display":"","ast-hfb-mobile-header-display":"","site-post-title":"","ast-breadcrumbs-content":"","ast-featured-img":"","footer-sml-layout":"","ast-disable-related-posts":"","theme-transparent-header-meta":"default","adv-header-id-meta":"","stick-header-meta":"default","header-above-stick-meta":"","header-main-stick-meta":"","header-below-stick-meta":"","astra-migrate-meta-layouts":"default","ast-page-background-enabled":"default","ast-page-background-meta":{"desktop":{"background-color":"var(--ast-global-color-5)","background-image":"","background-repeat":"repeat","background-position":"center center","background-size":"auto","background-attachment":"scroll","background-type":"","background-media":"","overlay-type":"","overlay-color":"","overlay-opacity":"","overlay-gradient":""},"tablet":{"background-color":"","background-image":"","background-repeat":"repeat","background-position":"center center","background-size":"auto","background-attachment":"scroll","background-type":"","background-media":"","overlay-type":"","overlay-color":"","overlay-opacity":"","overlay-gradient":""},"mobile":{"background-color":"","background-image":"","background-repeat":"repeat","background-position":"center center","background-size":"auto","background-attachment":"scroll","background-type":"","background-media":"","overlay-type":"","overlay-color":"","overlay-opacity":"","overlay-gradient":""}},"ast-content-background-meta":{"desktop":{"background-color":"var(--ast-global-color-4)","background-image":"","background-repeat":"repeat","background-position":"center center","background-size":"auto","background-attachment":"scroll","background-type":"","background-media":"","overlay-type":"","overlay-color":"","overlay-opacity":"","overlay-gradient":""},"tablet":{"background-color":"var(--ast-global-color-4)","background-image":"","background-repeat":"repeat","background-position":"center center","background-size":"auto","background-attachment":"scroll","background-type":"","background-media":"","overlay-type":"","overlay-color":"","overlay-opacity":"","overlay-gradient":""},"mobile":{"background-color":"var(--ast-global-color-4)","background-image":"","background-repeat":"repeat","background-position":"center center","background-size":"auto","background-attachment":"scroll","background-type":"","background-media":"","overlay-type":"","overlay-color":"","overlay-opacity":"","overlay-gradient":""}}},"product_brand":[],"product_cat":[147],"product_tag":[],"class_list":{"0":"post-11496","1":"product","2":"type-product","3":"status-publish","4":"has-post-thumbnail","6":"product_cat-pflasterstein","7":"pa_grubosc-6-cm-de","8":"pa_kolor-struktura-antracyt-srutowanie","9":"pa_kolor-struktura-antracyt-clasic","10":"pa_kolor-struktura-bialy-srutowanie","11":"pa_kolor-struktura-cieply-popiel-color-mix","12":"pa_kolor-struktura-coffee-mocha-color-mix-antic","13":"pa_kolor-struktura-czerwony-clasic","14":"pa_kolor-struktura-labrador-bez-color-mix","15":"pa_kolor-struktura-slony-karmel-color-mix","16":"pa_kolor-struktura-szara-umbra-color-mix","17":"pa_kolor-struktura-szary-srutowanie","18":"pa_kolor-struktura-szary-clasic","19":"pa_kolor-struktura-tycjan-color-mix","20":"pa_kolor-struktura-zachod-slonca-color-mix","21":"pa_kolor-struktura-zimny-popiel-color-mix","22":"pa_kolor-struktura-zlota-aleja-color-mix","23":"pa_wrc-wrc-1-de","24":"pa_wrc-wrc-5-de","25":"pa_wybierz-uszlachetnienie-classic","26":"pa_wybierz-uszlachetnienie-color-mix","27":"pa_wybierz-uszlachetnienie-srutowanie","28":"pa_zabezpieczenie-powierzchni-wrc-1-standard","29":"pa_zabezpieczenie-powierzchni-wrc-5","30":"desktop-align-left","31":"tablet-align-left","32":"mobile-align-left","34":"first","35":"instock","36":"taxable","37":"shipping-taxable","38":"purchasable","39":"product-type-variable"},"acf":[],"_links":{"self":[{"href":"https:\/\/pebek.pl\/de\/wp-json\/wp\/v2\/product\/11496","targetHints":{"allow":["GET"]}}],"collection":[{"href":"https:\/\/pebek.pl\/de\/wp-json\/wp\/v2\/product"}],"about":[{"href":"https:\/\/pebek.pl\/de\/wp-json\/wp\/v2\/types\/product"}],"wp:featuredmedia":[{"embeddable":true,"href":"https:\/\/pebek.pl\/de\/wp-json\/wp\/v2\/media\/22586"}],"wp:attachment":[{"href":"https:\/\/pebek.pl\/de\/wp-json\/wp\/v2\/media?parent=11496"}],"wp:term":[{"taxonomy":"product_brand","embeddable":true,"href":"https:\/\/pebek.pl\/de\/wp-json\/wp\/v2\/product_brand?post=11496"},{"taxonomy":"product_cat","embeddable":true,"href":"https:\/\/pebek.pl\/de\/wp-json\/wp\/v2\/product_cat?post=11496"},{"taxonomy":"product_tag","embeddable":true,"href":"https:\/\/pebek.pl\/de\/wp-json\/wp\/v2\/product_tag?post=11496"}],"curies":[{"name":"wp","href":"https:\/\/api.w.org\/{rel}","templated":true}]}}