{"id":11507,"date":"2025-08-29T10:20:01","date_gmt":"2025-08-29T09:20:01","guid":{"rendered":"https:\/\/pebek.pl\/sklep\/unkategorisiert\/visio-kombiformat\/"},"modified":"2022-10-11T17:54:08","modified_gmt":"2022-10-11T16:54:08","slug":"visio-kombiformat","status":"publish","type":"product","link":"https:\/\/pebek.pl\/de\/sklep\/pflasterstein\/visio-kombiformat\/","title":{"rendered":"Visio Kombiformat"},"content":{"rendered":"<p><strong>Beschreibung: <\/strong><\/p>\n<div class=\"pebek-product-section\">\n<div class=\"pebek-description\">\n<p class=\"p1\"><span style=\"font-weight: 400;\">Der Satz Visio Kombiformat besteht aus Pflastersteinen mit den Abmessungen von 30&#215;30, 20&#215;30, 20&#215;20. Es ist kompatibel und einfach zu installieren. Es ist ideal f\u00fcr gro\u00dfe st\u00e4dtische Gebiete und kleinere Hausarrangements. <\/span><\/p>\n<\/div>\n<\/div>\n<div class=\"pebek-product-section\"><\/div>\n<p>&nbsp;<\/p>\n<p>&nbsp;<\/p>\n","protected":false},"excerpt":{"rendered":"<div class=\"pebek-product-section\">\n<div class=\"pebek-description\">\n<p class=\"p1\"><span style=\"font-weight: 400;\">Ein Satz von drei Pflastersteinen in verschiedenen Formaten, um gerade, aber ungew\u00f6hnliche Oberfl\u00e4chen zu schaffen. <\/span><\/p>\n<\/div>\n<\/div>\n<div class=\"pebek-product-section\"><\/div>\n","protected":false},"featured_media":22568,"template":"","meta":{"_acf_changed":false,"site-sidebar-layout":"default","site-content-layout":"","ast-site-content-layout":"default","site-content-style":"default","site-sidebar-style":"default","ast-global-header-display":"","ast-banner-title-visibility":"","ast-main-header-display":"","ast-hfb-above-header-display":"","ast-hfb-below-header-display":"","ast-hfb-mobile-header-display":"","site-post-title":"","ast-breadcrumbs-content":"","ast-featured-img":"","footer-sml-layout":"","ast-disable-related-posts":"","theme-transparent-header-meta":"default","adv-header-id-meta":"","stick-header-meta":"default","header-above-stick-meta":"","header-main-stick-meta":"","header-below-stick-meta":"","astra-migrate-meta-layouts":"default","ast-page-background-enabled":"default","ast-page-background-meta":{"desktop":{"background-color":"var(--ast-global-color-5)","background-image":"","background-repeat":"repeat","background-position":"center center","background-size":"auto","background-attachment":"scroll","background-type":"","background-media":"","overlay-type":"","overlay-color":"","overlay-opacity":"","overlay-gradient":""},"tablet":{"background-color":"","background-image":"","background-repeat":"repeat","background-position":"center center","background-size":"auto","background-attachment":"scroll","background-type":"","background-media":"","overlay-type":"","overlay-color":"","overlay-opacity":"","overlay-gradient":""},"mobile":{"background-color":"","background-image":"","background-repeat":"repeat","background-position":"center center","background-size":"auto","background-attachment":"scroll","background-type":"","background-media":"","overlay-type":"","overlay-color":"","overlay-opacity":"","overlay-gradient":""}},"ast-content-background-meta":{"desktop":{"background-color":"var(--ast-global-color-4)","background-image":"","background-repeat":"repeat","background-position":"center center","background-size":"auto","background-attachment":"scroll","background-type":"","background-media":"","overlay-type":"","overlay-color":"","overlay-opacity":"","overlay-gradient":""},"tablet":{"background-color":"var(--ast-global-color-4)","background-image":"","background-repeat":"repeat","background-position":"center center","background-size":"auto","background-attachment":"scroll","background-type":"","background-media":"","overlay-type":"","overlay-color":"","overlay-opacity":"","overlay-gradient":""},"mobile":{"background-color":"var(--ast-global-color-4)","background-image":"","background-repeat":"repeat","background-position":"center center","background-size":"auto","background-attachment":"scroll","background-type":"","background-media":"","overlay-type":"","overlay-color":"","overlay-opacity":"","overlay-gradient":""}}},"product_brand":[],"product_cat":[147],"product_tag":[],"class_list":{"0":"post-11507","1":"product","2":"type-product","3":"status-publish","4":"has-post-thumbnail","6":"product_cat-pflasterstein","7":"pa_grubosc-8-cm-de","8":"pa_il-w-warstwie-4-de","9":"pa_il-w-warstwie-6-de","10":"pa_il-w-warstwie-8-de","11":"pa_kolor-struktura-antracyt-monocolor","12":"pa_kolor-struktura-antracyt-srutowanie","13":"pa_kolor-struktura-antracyt-clasic","14":"pa_kolor-struktura-bialy-monocolor","15":"pa_kolor-struktura-bialy-srutowanie","16":"pa_kolor-struktura-cieply-popiel-color-mix","17":"pa_kolor-struktura-coffee-mocha-color-mix-antic","18":"pa_kolor-struktura-czerwony-clasic","19":"pa_kolor-struktura-labrador-bez-color-mix","20":"pa_kolor-struktura-slony-karmel-color-mix","21":"pa_kolor-struktura-szara-umbra-color-mix","22":"pa_kolor-struktura-szary-monocolor","23":"pa_kolor-struktura-szary-srutowanie","24":"pa_kolor-struktura-szary-clasic","25":"pa_kolor-struktura-tycjan-color-mix","26":"pa_kolor-struktura-zachod-slonca-color-mix","27":"pa_kolor-struktura-zimny-popiel-color-mix","28":"pa_kolor-struktura-zlota-aleja-color-mix","29":"pa_krawedz-keine-phase","30":"pa_paczka-m2-96-de","31":"pa_wrc-wrc-1-de","32":"pa_wrc-wrc-5-de","33":"pa_wybierz-uszlachetnienie-antic","34":"pa_wybierz-uszlachetnienie-classic","35":"pa_wybierz-uszlachetnienie-color-mix","36":"pa_wybierz-uszlachetnienie-monocolor","37":"pa_wybierz-uszlachetnienie-srutowanie","38":"pa_zabezpieczenie-powierzchni-wrc-1-standard","39":"pa_zabezpieczenie-powierzchni-wrc-5","40":"desktop-align-left","41":"tablet-align-left","42":"mobile-align-left","44":"first","45":"instock","46":"taxable","47":"shipping-taxable","48":"purchasable","49":"product-type-variable"},"acf":[],"_links":{"self":[{"href":"https:\/\/pebek.pl\/de\/wp-json\/wp\/v2\/product\/11507","targetHints":{"allow":["GET"]}}],"collection":[{"href":"https:\/\/pebek.pl\/de\/wp-json\/wp\/v2\/product"}],"about":[{"href":"https:\/\/pebek.pl\/de\/wp-json\/wp\/v2\/types\/product"}],"wp:featuredmedia":[{"embeddable":true,"href":"https:\/\/pebek.pl\/de\/wp-json\/wp\/v2\/media\/22568"}],"wp:attachment":[{"href":"https:\/\/pebek.pl\/de\/wp-json\/wp\/v2\/media?parent=11507"}],"wp:term":[{"taxonomy":"product_brand","embeddable":true,"href":"https:\/\/pebek.pl\/de\/wp-json\/wp\/v2\/product_brand?post=11507"},{"taxonomy":"product_cat","embeddable":true,"href":"https:\/\/pebek.pl\/de\/wp-json\/wp\/v2\/product_cat?post=11507"},{"taxonomy":"product_tag","embeddable":true,"href":"https:\/\/pebek.pl\/de\/wp-json\/wp\/v2\/product_tag?post=11507"}],"curies":[{"name":"wp","href":"https:\/\/api.w.org\/{rel}","templated":true}]}}