{"id":11643,"date":"2022-08-12T13:51:53","date_gmt":"2022-08-12T12:51:53","guid":{"rendered":"https:\/\/pebek.pl\/sklep\/unkategorisiert\/oeko-pflasterstein-te-te\/"},"modified":"2022-10-11T17:54:06","modified_gmt":"2022-10-11T16:54:06","slug":"oko-pflasterstein-te-te","status":"publish","type":"product","link":"https:\/\/pebek.pl\/de\/sklep\/sonstiges\/oko-pflasterstein-te-te\/","title":{"rendered":"\u00d6ko-Pflasterstein Te-Te"},"content":{"rendered":"<p><span style=\"font-weight: 400;\">Durch die Verwendung des \u00d6ko-Pflastersteines TE-TE kann Wasser auf nat\u00fcrliche Weise in den Boden eindringen. Die aus diesem Pflasterstein gemachte Oberfl\u00e4che erlaubt Ihnen die mit Installation von teuren Regenwasser-Entw\u00e4sserungsl\u00f6sungen verbundenen Kosten zu sparen. Die Au\u00dfenabmessungen des Pflastersteines sind kompatibel mit standardm\u00e4\u00dfigen TE-TE (Behaton), sodass Sie Pflastersteine einfach miteinander verkn\u00fcpfen k\u00f6nnen. <\/span><\/p>\n<p>&nbsp;<\/p>\n","protected":false},"excerpt":{"rendered":"<p><span style=\"font-weight: 400;\">Es ist funktional, langlebig und einfach zu installieren, was es ideal f\u00fcr viele Projekte macht!<\/span><\/p>\n","protected":false},"featured_media":22424,"template":"","meta":{"_acf_changed":false,"site-sidebar-layout":"default","site-content-layout":"default","ast-site-content-layout":"default","site-content-style":"default","site-sidebar-style":"default","ast-global-header-display":"","ast-banner-title-visibility":"","ast-main-header-display":"","ast-hfb-above-header-display":"","ast-hfb-below-header-display":"","ast-hfb-mobile-header-display":"","site-post-title":"","ast-breadcrumbs-content":"","ast-featured-img":"","footer-sml-layout":"","ast-disable-related-posts":"","theme-transparent-header-meta":"default","adv-header-id-meta":"","stick-header-meta":"default","header-above-stick-meta":"","header-main-stick-meta":"","header-below-stick-meta":"","astra-migrate-meta-layouts":"default","ast-page-background-enabled":"default","ast-page-background-meta":{"desktop":{"background-color":"var(--ast-global-color-5)","background-image":"","background-repeat":"repeat","background-position":"center center","background-size":"auto","background-attachment":"scroll","background-type":"","background-media":"","overlay-type":"","overlay-color":"","overlay-opacity":"","overlay-gradient":""},"tablet":{"background-color":"","background-image":"","background-repeat":"repeat","background-position":"center center","background-size":"auto","background-attachment":"scroll","background-type":"","background-media":"","overlay-type":"","overlay-color":"","overlay-opacity":"","overlay-gradient":""},"mobile":{"background-color":"","background-image":"","background-repeat":"repeat","background-position":"center center","background-size":"auto","background-attachment":"scroll","background-type":"","background-media":"","overlay-type":"","overlay-color":"","overlay-opacity":"","overlay-gradient":""}},"ast-content-background-meta":{"desktop":{"background-color":"var(--ast-global-color-4)","background-image":"","background-repeat":"repeat","background-position":"center center","background-size":"auto","background-attachment":"scroll","background-type":"","background-media":"","overlay-type":"","overlay-color":"","overlay-opacity":"","overlay-gradient":""},"tablet":{"background-color":"var(--ast-global-color-4)","background-image":"","background-repeat":"repeat","background-position":"center center","background-size":"auto","background-attachment":"scroll","background-type":"","background-media":"","overlay-type":"","overlay-color":"","overlay-opacity":"","overlay-gradient":""},"mobile":{"background-color":"var(--ast-global-color-4)","background-image":"","background-repeat":"repeat","background-position":"center center","background-size":"auto","background-attachment":"scroll","background-type":"","background-media":"","overlay-type":"","overlay-color":"","overlay-opacity":"","overlay-gradient":""}}},"product_brand":[],"product_cat":[15],"product_tag":[],"class_list":{"0":"post-11643","1":"product","2":"type-product","3":"status-publish","4":"has-post-thumbnail","6":"product_cat-bez-kategorii","7":"pa_grubosc-10-cm-de","8":"pa_grubosc-10-cm","9":"pa_grubosc-6-cm-de","10":"pa_grubosc-8-cm-de","11":"pa_wrc-wrc-1-de","12":"pa_wrc-wrc-5-de","13":"desktop-align-left","14":"tablet-align-left","15":"mobile-align-left","17":"first","18":"instock","19":"taxable","20":"shipping-taxable","21":"purchasable","22":"product-type-variable"},"acf":[],"_links":{"self":[{"href":"https:\/\/pebek.pl\/de\/wp-json\/wp\/v2\/product\/11643","targetHints":{"allow":["GET"]}}],"collection":[{"href":"https:\/\/pebek.pl\/de\/wp-json\/wp\/v2\/product"}],"about":[{"href":"https:\/\/pebek.pl\/de\/wp-json\/wp\/v2\/types\/product"}],"wp:featuredmedia":[{"embeddable":true,"href":"https:\/\/pebek.pl\/de\/wp-json\/wp\/v2\/media\/22424"}],"wp:attachment":[{"href":"https:\/\/pebek.pl\/de\/wp-json\/wp\/v2\/media?parent=11643"}],"wp:term":[{"taxonomy":"product_brand","embeddable":true,"href":"https:\/\/pebek.pl\/de\/wp-json\/wp\/v2\/product_brand?post=11643"},{"taxonomy":"product_cat","embeddable":true,"href":"https:\/\/pebek.pl\/de\/wp-json\/wp\/v2\/product_cat?post=11643"},{"taxonomy":"product_tag","embeddable":true,"href":"https:\/\/pebek.pl\/de\/wp-json\/wp\/v2\/product_tag?post=11643"}],"curies":[{"name":"wp","href":"https:\/\/api.w.org\/{rel}","templated":true}]}}