{"id":17770,"date":"2022-10-20T09:47:18","date_gmt":"2022-10-20T08:47:18","guid":{"rendered":"https:\/\/pebek.pl\/sklep\/unkategorisiert\/treppenlaeufe\/"},"modified":"2023-04-25T07:43:48","modified_gmt":"2023-04-25T06:43:48","slug":"treppenfluge","status":"publish","type":"product","link":"https:\/\/pebek.pl\/de\/sklep\/vorfertigung\/treppenfluge\/","title":{"rendered":"Treppenl\u00e4ufe"},"content":{"rendered":"<div class=\"elementor-element elementor-element-9f92b78 elementor-widget elementor-widget-text-editor\" data-id=\"9f92b78\" data-element_type=\"widget\" data-widget_type=\"text-editor.default\">\n<div class=\"elementor-widget-container\">\n<p>Vorgefertigte Treppenelemente sind Konstruktionselemente, die gem\u00e4\u00df den Anforderungen des Architekten und gem\u00e4\u00df der im Projekt angenommenen Geometrie und Bewehrung hergestellt werden. Je nach Quelle der statischen Diagrammsignale befinden sich die Quellen direkt an der Wand des Treppenverbinders oder indirekt durch das Podest y. Arten von Treppen:<\/p>\n<ul>\n<li>Geradeausl\u00e4ufe<\/li>\n<li>l\u00e4uft mit einer Landeplatte,<\/li>\n<li>f\u00e4hrt mit zwei Landeplatten,<\/li>\n<li>Treppensch\u00e4chte,<\/li>\n<\/ul>\n<p>Struktur und Oberfl\u00e4che:<\/p>\n<ul>\n<li>die Oberfl\u00e4che der Stufen ist verschwommen<\/li>\n<li>bauseitig mit Fliesen zu belegende Fl\u00e4che<\/li>\n<li>glatte Sichtbetonoberfl\u00e4che mit der M\u00f6glichkeit der Masseeinf\u00e4rbung (L\u00e4ufe abgeschlossen<\/li>\n<li>im R\u00fcckw\u00e4rtsgang)<\/li>\n<li>rutschfeste Oberfl\u00e4che aus kugelgestrahltem Beton mit Auswahlm\u00f6glichkeit<\/li>\n<li>Farbe und Korngr\u00f6\u00dfe der sichtbaren Gesteinsk\u00f6rnung<\/li>\n<\/ul>\n<\/div>\n<\/div>\n","protected":false},"excerpt":{"rendered":"<p>Vorgefertigte Treppenelemente sind Konstruktionselemente, die gem\u00e4\u00df den Anforderungen des Architekten und gem\u00e4\u00df der im Projekt angenommenen Geometrie und Bewehrung hergestellt werden. Zale\u017cnie od przyj\u0119tych schemat\u00f3w statycznych, obci\u0105\u017cenia przekazywane s\u0105 bezpo\u015brednio na \u015bciany klatek schodowych lub po\u015brednio poprzez podesty.<\/p>\n","protected":false},"featured_media":13423,"template":"","meta":{"_acf_changed":false,"site-sidebar-layout":"default","site-content-layout":"default","ast-site-content-layout":"default","site-content-style":"default","site-sidebar-style":"default","ast-global-header-display":"","ast-banner-title-visibility":"","ast-main-header-display":"","ast-hfb-above-header-display":"","ast-hfb-below-header-display":"","ast-hfb-mobile-header-display":"","site-post-title":"","ast-breadcrumbs-content":"","ast-featured-img":"","footer-sml-layout":"","ast-disable-related-posts":"","theme-transparent-header-meta":"default","adv-header-id-meta":"","stick-header-meta":"default","header-above-stick-meta":"","header-main-stick-meta":"","header-below-stick-meta":"","astra-migrate-meta-layouts":"default","ast-page-background-enabled":"default","ast-page-background-meta":{"desktop":{"background-color":"var(--ast-global-color-5)","background-image":"","background-repeat":"repeat","background-position":"center center","background-size":"auto","background-attachment":"scroll","background-type":"","background-media":"","overlay-type":"","overlay-color":"","overlay-opacity":"","overlay-gradient":""},"tablet":{"background-color":"","background-image":"","background-repeat":"repeat","background-position":"center center","background-size":"auto","background-attachment":"scroll","background-type":"","background-media":"","overlay-type":"","overlay-color":"","overlay-opacity":"","overlay-gradient":""},"mobile":{"background-color":"","background-image":"","background-repeat":"repeat","background-position":"center center","background-size":"auto","background-attachment":"scroll","background-type":"","background-media":"","overlay-type":"","overlay-color":"","overlay-opacity":"","overlay-gradient":""}},"ast-content-background-meta":{"desktop":{"background-color":"var(--ast-global-color-4)","background-image":"","background-repeat":"repeat","background-position":"center center","background-size":"auto","background-attachment":"scroll","background-type":"","background-media":"","overlay-type":"","overlay-color":"","overlay-opacity":"","overlay-gradient":""},"tablet":{"background-color":"var(--ast-global-color-4)","background-image":"","background-repeat":"repeat","background-position":"center center","background-size":"auto","background-attachment":"scroll","background-type":"","background-media":"","overlay-type":"","overlay-color":"","overlay-opacity":"","overlay-gradient":""},"mobile":{"background-color":"var(--ast-global-color-4)","background-image":"","background-repeat":"repeat","background-position":"center center","background-size":"auto","background-attachment":"scroll","background-type":"","background-media":"","overlay-type":"","overlay-color":"","overlay-opacity":"","overlay-gradient":""}}},"product_brand":[],"product_cat":[437],"product_tag":[],"class_list":{"0":"post-17770","1":"product","2":"type-product","3":"status-publish","4":"has-post-thumbnail","6":"product_cat-vorfertigung","7":"desktop-align-left","8":"tablet-align-left","9":"mobile-align-left","11":"first","12":"instock","13":"taxable","14":"shipping-taxable","15":"purchasable","16":"product-type-simple"},"acf":[],"_links":{"self":[{"href":"https:\/\/pebek.pl\/de\/wp-json\/wp\/v2\/product\/17770","targetHints":{"allow":["GET"]}}],"collection":[{"href":"https:\/\/pebek.pl\/de\/wp-json\/wp\/v2\/product"}],"about":[{"href":"https:\/\/pebek.pl\/de\/wp-json\/wp\/v2\/types\/product"}],"wp:featuredmedia":[{"embeddable":true,"href":"https:\/\/pebek.pl\/de\/wp-json\/wp\/v2\/media\/13423"}],"wp:attachment":[{"href":"https:\/\/pebek.pl\/de\/wp-json\/wp\/v2\/media?parent=17770"}],"wp:term":[{"taxonomy":"product_brand","embeddable":true,"href":"https:\/\/pebek.pl\/de\/wp-json\/wp\/v2\/product_brand?post=17770"},{"taxonomy":"product_cat","embeddable":true,"href":"https:\/\/pebek.pl\/de\/wp-json\/wp\/v2\/product_cat?post=17770"},{"taxonomy":"product_tag","embeddable":true,"href":"https:\/\/pebek.pl\/de\/wp-json\/wp\/v2\/product_tag?post=17770"}],"curies":[{"name":"wp","href":"https:\/\/api.w.org\/{rel}","templated":true}]}}