{"id":17779,"date":"2022-10-20T09:58:33","date_gmt":"2022-10-20T08:58:33","guid":{"rendered":"https:\/\/pebek.pl\/sklep\/unkategorisiert\/balkone\/"},"modified":"2022-10-20T09:58:33","modified_gmt":"2022-10-20T08:58:33","slug":"balkone","status":"publish","type":"product","link":"https:\/\/pebek.pl\/de\/sklep\/vorfertigung\/balkone\/","title":{"rendered":"Balkone"},"content":{"rendered":"<div class=\"elementor-element elementor-element-e5bf600 elementor-widget elementor-widget-text-editor\" data-id=\"e5bf600\" data-element_type=\"widget\" data-widget_type=\"text-editor.default\">\n<div class=\"elementor-widget-container\">\n<p>Balkonplatten sind \u00e4u\u00dferst wichtige Elemente von exponierten Wohngeb\u00e4uden<br \/>\nan wechselnde Wetterbedingungen: Temperaturschwankungen, Sonneneinstrahlung, Niederschlag<br \/>\natmosph\u00e4risch. Aus diesem Grund ist eine hohe Qualit\u00e4t der Stahlbetonelemente und m\u00f6glicher Deckschichten so wichtig.<br \/>\nBalkonplatten werden als Einzelelemente gefertigt, angepasst an die Anforderungen des Projektes. Ihre Verbindung mit der Bausubstanz durch System-W\u00e4rmed\u00e4mmverbinder beseitigt die W\u00e4rmebr\u00fccke an der Stelle des Konstruktionsknotens.<\/p>\n<p>Arten von Balkonen:<\/p>\n<ul>\n<li>massive Bretter im eingebauten Zustand<\/li>\n<li>Massivplatten zum Einbau in Negativlage ej<\/li>\n<li>Bogenplatten,<\/li>\n<li>Bretter mit Balustraden,<\/li>\n<li>Platten mit B\u00f6schungen, Entw\u00e4sserungsrinnen und Einl\u00e4ufen.<\/li>\n<\/ul>\n<p>Struktur und Oberfl\u00e4che:<\/p>\n<ul>\n<li>Oberfl\u00e4chenverwischen f\u00fcr die Renovierung auf der Baustelle<\/li>\n<li>bauseitig mit Fliesen zu belegende Fl\u00e4che<\/li>\n<li>Oberfl\u00e4che aus glattem Sichtbeton mit der M\u00f6glichkeit der Massef\u00e4rbung<\/li>\n<li>rutschfeste Oberfl\u00e4che aus kugelgestrahltem Beton mit Einf\u00e4rbungsm\u00f6glichkeit<\/li>\n<li>Masse und die Auswahl der geeigneten Korngr\u00f6\u00dfe der sichtbaren Gesteinsk\u00f6rnung<\/li>\n<li>die Oberfl\u00e4che des Vorsatzbetons geschliffen mit der M\u00f6glichkeit der Einf\u00e4rbung in der Masse und<\/li>\n<li>Auswahl der geeigneten Korngr\u00f6\u00dfe der sichtbaren Gesteinsk\u00f6rnung<\/li>\n<li>Oberfl\u00e4che mit einer Textur, die aus Matrizen mit der M\u00f6glichkeit der Massenf\u00e4rbung erhalten wird<\/li>\n<\/ul>\n<\/div>\n<\/div>\n","protected":false},"excerpt":{"rendered":"<p>Balkonplatten sind \u00e4u\u00dferst wichtige Elemente von exponierten Wohngeb\u00e4uden<br \/>\nan wechselnde Wetterbedingungen: Temperaturschwankungen, Sonneneinstrahlung, Niederschlag<br \/>\natmosph\u00e4risch.<\/p>\n","protected":false},"featured_media":13439,"template":"","meta":{"_acf_changed":false,"site-sidebar-layout":"default","site-content-layout":"default","ast-site-content-layout":"default","site-content-style":"default","site-sidebar-style":"default","ast-global-header-display":"","ast-banner-title-visibility":"","ast-main-header-display":"","ast-hfb-above-header-display":"","ast-hfb-below-header-display":"","ast-hfb-mobile-header-display":"","site-post-title":"","ast-breadcrumbs-content":"","ast-featured-img":"","footer-sml-layout":"","ast-disable-related-posts":"","theme-transparent-header-meta":"default","adv-header-id-meta":"","stick-header-meta":"default","header-above-stick-meta":"","header-main-stick-meta":"","header-below-stick-meta":"","astra-migrate-meta-layouts":"default","ast-page-background-enabled":"default","ast-page-background-meta":{"desktop":{"background-color":"var(--ast-global-color-5)","background-image":"","background-repeat":"repeat","background-position":"center center","background-size":"auto","background-attachment":"scroll","background-type":"","background-media":"","overlay-type":"","overlay-color":"","overlay-opacity":"","overlay-gradient":""},"tablet":{"background-color":"","background-image":"","background-repeat":"repeat","background-position":"center center","background-size":"auto","background-attachment":"scroll","background-type":"","background-media":"","overlay-type":"","overlay-color":"","overlay-opacity":"","overlay-gradient":""},"mobile":{"background-color":"","background-image":"","background-repeat":"repeat","background-position":"center center","background-size":"auto","background-attachment":"scroll","background-type":"","background-media":"","overlay-type":"","overlay-color":"","overlay-opacity":"","overlay-gradient":""}},"ast-content-background-meta":{"desktop":{"background-color":"var(--ast-global-color-4)","background-image":"","background-repeat":"repeat","background-position":"center center","background-size":"auto","background-attachment":"scroll","background-type":"","background-media":"","overlay-type":"","overlay-color":"","overlay-opacity":"","overlay-gradient":""},"tablet":{"background-color":"var(--ast-global-color-4)","background-image":"","background-repeat":"repeat","background-position":"center center","background-size":"auto","background-attachment":"scroll","background-type":"","background-media":"","overlay-type":"","overlay-color":"","overlay-opacity":"","overlay-gradient":""},"mobile":{"background-color":"var(--ast-global-color-4)","background-image":"","background-repeat":"repeat","background-position":"center center","background-size":"auto","background-attachment":"scroll","background-type":"","background-media":"","overlay-type":"","overlay-color":"","overlay-opacity":"","overlay-gradient":""}}},"product_brand":[],"product_cat":[437],"product_tag":[],"class_list":{"0":"post-17779","1":"product","2":"type-product","3":"status-publish","4":"has-post-thumbnail","6":"product_cat-vorfertigung","7":"desktop-align-left","8":"tablet-align-left","9":"mobile-align-left","11":"first","12":"instock","13":"taxable","14":"shipping-taxable","15":"purchasable","16":"product-type-simple"},"acf":[],"_links":{"self":[{"href":"https:\/\/pebek.pl\/de\/wp-json\/wp\/v2\/product\/17779","targetHints":{"allow":["GET"]}}],"collection":[{"href":"https:\/\/pebek.pl\/de\/wp-json\/wp\/v2\/product"}],"about":[{"href":"https:\/\/pebek.pl\/de\/wp-json\/wp\/v2\/types\/product"}],"wp:featuredmedia":[{"embeddable":true,"href":"https:\/\/pebek.pl\/de\/wp-json\/wp\/v2\/media\/13439"}],"wp:attachment":[{"href":"https:\/\/pebek.pl\/de\/wp-json\/wp\/v2\/media?parent=17779"}],"wp:term":[{"taxonomy":"product_brand","embeddable":true,"href":"https:\/\/pebek.pl\/de\/wp-json\/wp\/v2\/product_brand?post=17779"},{"taxonomy":"product_cat","embeddable":true,"href":"https:\/\/pebek.pl\/de\/wp-json\/wp\/v2\/product_cat?post=17779"},{"taxonomy":"product_tag","embeddable":true,"href":"https:\/\/pebek.pl\/de\/wp-json\/wp\/v2\/product_tag?post=17779"}],"curies":[{"name":"wp","href":"https:\/\/api.w.org\/{rel}","templated":true}]}}