{"id":17782,"date":"2022-10-20T10:17:09","date_gmt":"2022-10-20T09:17:09","guid":{"rendered":"https:\/\/pebek.pl\/sklep\/unkategorisiert\/sandwichwaende\/"},"modified":"2022-10-20T10:17:09","modified_gmt":"2022-10-20T09:17:09","slug":"sandwichwande","status":"publish","type":"product","link":"https:\/\/pebek.pl\/de\/sklep\/sonstiges\/sandwichwande\/","title":{"rendered":"Sandwichw\u00e4nde"},"content":{"rendered":"<p>Vertikale Bauteile (ausgenommen Trenn-, Vorhang- und nicht tragende W\u00e4nde), deren Aufgabe es ist, Lasten aus dem Gewicht von zu \u00fcbertragen<br \/>\neigene und Decken. Sie spielen die Rolle von Geb\u00e4udetrennw\u00e4nden und bilden eine r\u00e4umliche Aussteifung des gesamten Geb\u00e4udes. Je nach Standort sch\u00fctzen sie vor Witterungseinfl\u00fcssen und L\u00e4rm.<\/p>\n<p>Vorgefertigte Elemente k\u00f6nnen Fenster- und T\u00fcr\u00f6ffnungen in nahezu jeder Gr\u00f6\u00dfe und Form aufweisen. Die W\u00e4nde werden als Einzelelemente hergestellt. Abh\u00e4ngig von den Anforderungen des Projekts k\u00f6nnen sie \u00fcber entsprechende Bohrungen und Zubeh\u00f6r f\u00fcr die gegenseitige Verbindung vor Ort verf\u00fcgen.<\/p>\n<p>Arten von Sandwichw\u00e4nden:<\/p>\n<ul>\n<li>einschichtig innen oder au\u00dfen, Stahlbeton oder Bl\u00e4htonbeton. Sie bestehen nur aus der Tr\u00e4gerschicht.<\/li>\n<li>zweischichtig besteht aus einer tragenden Schicht und einer isolierenden Schicht. Die innere Schicht mit entsprechender Bewehrung wirkt als tragende Wand. Die Au\u00dfenschicht garantiert die angenommene W\u00e4rmed\u00e4mmung.<\/li>\n<li>Dreischichtplatten bestehen aus einer Trag-, D\u00e4mm- und Fassadenschicht. Die innere Schicht mit entsprechender Bewehrung wirkt als tragende Wand. Die Mittelschicht garantiert die angenommene W\u00e4rmed\u00e4mmung. Die Fassadenschicht sch\u00fctzt die D\u00e4mmschicht und l\u00e4sst die angenommene Struktur und Textur zu. Je nach Projekt k\u00f6nnen das Strukturputz oder GRC-Fassadenplatten oder eine ausgew\u00e4hlte Matrix sein.<\/li>\n<\/ul>\n","protected":false},"excerpt":{"rendered":"<p>Vertikale Strukturelemente, deren Aufgabe es ist, Lasten aus dem Gewicht auf das Fundament zu \u00fcbertragen<br \/>\neigene und Decken.<\/p>\n","protected":false},"featured_media":13437,"template":"","meta":{"_acf_changed":false,"site-sidebar-layout":"default","site-content-layout":"default","ast-site-content-layout":"default","site-content-style":"default","site-sidebar-style":"default","ast-global-header-display":"","ast-banner-title-visibility":"","ast-main-header-display":"","ast-hfb-above-header-display":"","ast-hfb-below-header-display":"","ast-hfb-mobile-header-display":"","site-post-title":"","ast-breadcrumbs-content":"","ast-featured-img":"","footer-sml-layout":"","ast-disable-related-posts":"","theme-transparent-header-meta":"default","adv-header-id-meta":"","stick-header-meta":"default","header-above-stick-meta":"","header-main-stick-meta":"","header-below-stick-meta":"","astra-migrate-meta-layouts":"default","ast-page-background-enabled":"default","ast-page-background-meta":{"desktop":{"background-color":"var(--ast-global-color-5)","background-image":"","background-repeat":"repeat","background-position":"center center","background-size":"auto","background-attachment":"scroll","background-type":"","background-media":"","overlay-type":"","overlay-color":"","overlay-opacity":"","overlay-gradient":""},"tablet":{"background-color":"","background-image":"","background-repeat":"repeat","background-position":"center center","background-size":"auto","background-attachment":"scroll","background-type":"","background-media":"","overlay-type":"","overlay-color":"","overlay-opacity":"","overlay-gradient":""},"mobile":{"background-color":"","background-image":"","background-repeat":"repeat","background-position":"center center","background-size":"auto","background-attachment":"scroll","background-type":"","background-media":"","overlay-type":"","overlay-color":"","overlay-opacity":"","overlay-gradient":""}},"ast-content-background-meta":{"desktop":{"background-color":"var(--ast-global-color-4)","background-image":"","background-repeat":"repeat","background-position":"center center","background-size":"auto","background-attachment":"scroll","background-type":"","background-media":"","overlay-type":"","overlay-color":"","overlay-opacity":"","overlay-gradient":""},"tablet":{"background-color":"var(--ast-global-color-4)","background-image":"","background-repeat":"repeat","background-position":"center center","background-size":"auto","background-attachment":"scroll","background-type":"","background-media":"","overlay-type":"","overlay-color":"","overlay-opacity":"","overlay-gradient":""},"mobile":{"background-color":"var(--ast-global-color-4)","background-image":"","background-repeat":"repeat","background-position":"center center","background-size":"auto","background-attachment":"scroll","background-type":"","background-media":"","overlay-type":"","overlay-color":"","overlay-opacity":"","overlay-gradient":""}}},"product_brand":[],"product_cat":[15],"product_tag":[],"class_list":{"0":"post-17782","1":"product","2":"type-product","3":"status-publish","4":"has-post-thumbnail","6":"product_cat-bez-kategorii","7":"desktop-align-left","8":"tablet-align-left","9":"mobile-align-left","11":"first","12":"instock","13":"taxable","14":"shipping-taxable","15":"purchasable","16":"product-type-simple"},"acf":[],"_links":{"self":[{"href":"https:\/\/pebek.pl\/de\/wp-json\/wp\/v2\/product\/17782","targetHints":{"allow":["GET"]}}],"collection":[{"href":"https:\/\/pebek.pl\/de\/wp-json\/wp\/v2\/product"}],"about":[{"href":"https:\/\/pebek.pl\/de\/wp-json\/wp\/v2\/types\/product"}],"wp:featuredmedia":[{"embeddable":true,"href":"https:\/\/pebek.pl\/de\/wp-json\/wp\/v2\/media\/13437"}],"wp:attachment":[{"href":"https:\/\/pebek.pl\/de\/wp-json\/wp\/v2\/media?parent=17782"}],"wp:term":[{"taxonomy":"product_brand","embeddable":true,"href":"https:\/\/pebek.pl\/de\/wp-json\/wp\/v2\/product_brand?post=17782"},{"taxonomy":"product_cat","embeddable":true,"href":"https:\/\/pebek.pl\/de\/wp-json\/wp\/v2\/product_cat?post=17782"},{"taxonomy":"product_tag","embeddable":true,"href":"https:\/\/pebek.pl\/de\/wp-json\/wp\/v2\/product_tag?post=17782"}],"curies":[{"name":"wp","href":"https:\/\/api.w.org\/{rel}","templated":true}]}}