{"id":17784,"date":"2022-10-20T10:22:21","date_gmt":"2022-10-20T09:22:21","guid":{"rendered":"https:\/\/pebek.pl\/sklep\/unkategorisiert\/dachtraeger\/"},"modified":"2022-10-20T10:22:21","modified_gmt":"2022-10-20T09:22:21","slug":"dachtrager","status":"publish","type":"product","link":"https:\/\/pebek.pl\/de\/sklep\/vorfertigung\/dachtrager\/","title":{"rendered":"Dachtr\u00e4ger"},"content":{"rendered":"<p>Dachtr\u00e4ger sind Konstruktionselemente, die Lasten von der Dachfl\u00e4che ableiten und als konzentrierten Kraftwert auf St\u00fctzen oder W\u00e4nde \u00fcbertragen.<br \/>\nAbh\u00e4ngig von den Entwurfsannahmen ergibt sich Folgendes:<\/p>\n<ul>\n<li>Elemente variabler H\u00f6he mit konstanter Neigung in einer Richtung. Die untere Platte des Elements ist gerade, w\u00e4hrend die obere mit einer Neigung geformt ist, um die Neigung der Dachneigung zu erhalten.<\/li>\n<li>Elemente mit variabler Querschnittsh\u00f6he, mit konstanter Neigung in zwei Richtungen. Dolna p\u00f3\u0142ka elementu jest prosta, g\u00f3rna za\u015b w celu uzyskania spadku po\u0142aci dachowej,<\/li>\n<li>mit Gef\u00e4lle geformt.<\/li>\n<li>Elemente mit fester H\u00f6he<\/li>\n<\/ul>\n<p>Niemiecki Die Elemente k\u00f6nnen mit Stahlmarken und dem notwendigen Montagezubeh\u00f6r f\u00fcr z<br \/>\nVerbindungen mit anderen Strukturelementen.<\/p>\n","protected":false},"excerpt":{"rendered":"<p>Dachtr\u00e4ger sind Konstruktionselemente, die Lasten von der Dachfl\u00e4che ableiten und als konzentrierten Kraftwert auf St\u00fctzen oder W\u00e4nde \u00fcbertragen.<\/p>\n","protected":false},"featured_media":13427,"template":"","meta":{"_acf_changed":false,"site-sidebar-layout":"default","site-content-layout":"default","ast-site-content-layout":"default","site-content-style":"default","site-sidebar-style":"default","ast-global-header-display":"","ast-banner-title-visibility":"","ast-main-header-display":"","ast-hfb-above-header-display":"","ast-hfb-below-header-display":"","ast-hfb-mobile-header-display":"","site-post-title":"","ast-breadcrumbs-content":"","ast-featured-img":"","footer-sml-layout":"","ast-disable-related-posts":"","theme-transparent-header-meta":"default","adv-header-id-meta":"","stick-header-meta":"default","header-above-stick-meta":"","header-main-stick-meta":"","header-below-stick-meta":"","astra-migrate-meta-layouts":"default","ast-page-background-enabled":"default","ast-page-background-meta":{"desktop":{"background-color":"var(--ast-global-color-5)","background-image":"","background-repeat":"repeat","background-position":"center center","background-size":"auto","background-attachment":"scroll","background-type":"","background-media":"","overlay-type":"","overlay-color":"","overlay-opacity":"","overlay-gradient":""},"tablet":{"background-color":"","background-image":"","background-repeat":"repeat","background-position":"center center","background-size":"auto","background-attachment":"scroll","background-type":"","background-media":"","overlay-type":"","overlay-color":"","overlay-opacity":"","overlay-gradient":""},"mobile":{"background-color":"","background-image":"","background-repeat":"repeat","background-position":"center center","background-size":"auto","background-attachment":"scroll","background-type":"","background-media":"","overlay-type":"","overlay-color":"","overlay-opacity":"","overlay-gradient":""}},"ast-content-background-meta":{"desktop":{"background-color":"var(--ast-global-color-4)","background-image":"","background-repeat":"repeat","background-position":"center center","background-size":"auto","background-attachment":"scroll","background-type":"","background-media":"","overlay-type":"","overlay-color":"","overlay-opacity":"","overlay-gradient":""},"tablet":{"background-color":"var(--ast-global-color-4)","background-image":"","background-repeat":"repeat","background-position":"center center","background-size":"auto","background-attachment":"scroll","background-type":"","background-media":"","overlay-type":"","overlay-color":"","overlay-opacity":"","overlay-gradient":""},"mobile":{"background-color":"var(--ast-global-color-4)","background-image":"","background-repeat":"repeat","background-position":"center center","background-size":"auto","background-attachment":"scroll","background-type":"","background-media":"","overlay-type":"","overlay-color":"","overlay-opacity":"","overlay-gradient":""}}},"product_brand":[],"product_cat":[437],"product_tag":[],"class_list":{"0":"post-17784","1":"product","2":"type-product","3":"status-publish","4":"has-post-thumbnail","6":"product_cat-vorfertigung","7":"desktop-align-left","8":"tablet-align-left","9":"mobile-align-left","11":"first","12":"instock","13":"taxable","14":"shipping-taxable","15":"purchasable","16":"product-type-simple"},"acf":[],"_links":{"self":[{"href":"https:\/\/pebek.pl\/de\/wp-json\/wp\/v2\/product\/17784","targetHints":{"allow":["GET"]}}],"collection":[{"href":"https:\/\/pebek.pl\/de\/wp-json\/wp\/v2\/product"}],"about":[{"href":"https:\/\/pebek.pl\/de\/wp-json\/wp\/v2\/types\/product"}],"wp:featuredmedia":[{"embeddable":true,"href":"https:\/\/pebek.pl\/de\/wp-json\/wp\/v2\/media\/13427"}],"wp:attachment":[{"href":"https:\/\/pebek.pl\/de\/wp-json\/wp\/v2\/media?parent=17784"}],"wp:term":[{"taxonomy":"product_brand","embeddable":true,"href":"https:\/\/pebek.pl\/de\/wp-json\/wp\/v2\/product_brand?post=17784"},{"taxonomy":"product_cat","embeddable":true,"href":"https:\/\/pebek.pl\/de\/wp-json\/wp\/v2\/product_cat?post=17784"},{"taxonomy":"product_tag","embeddable":true,"href":"https:\/\/pebek.pl\/de\/wp-json\/wp\/v2\/product_tag?post=17784"}],"curies":[{"name":"wp","href":"https:\/\/api.w.org\/{rel}","templated":true}]}}