{"id":22025,"date":"2025-12-10T10:05:46","date_gmt":"2025-12-10T09:05:46","guid":{"rendered":"https:\/\/pebek.pl\/?post_type=product&#038;p=22025"},"modified":"2026-03-25T17:35:37","modified_gmt":"2026-03-25T16:35:37","slug":"obrzeze","status":"publish","type":"product","link":"https:\/\/pebek.pl\/de\/sklep\/rozwiazania\/elementy-przemyslowe\/budownictwo-przemyslowe\/elementy-budownictwa-drogowego\/krawezniki-i-obrzeza\/obrzeze\/","title":{"rendered":"Obrze\u017ce"},"content":{"rendered":"<p>Obrze\u017ca betonowe maj\u0105 bardzo szerokie zastosowanie w ogrodnictwie, budownictwie i aran\u017cacji przestrzeni. Stosuje si\u0119 g\u0142\u00f3wnie do <strong data-start=\"182\" data-end=\"234\">stabilizowania i oddzielania r\u00f3\u017cnych nawierzchni<\/strong>, takich jak trawniki, \u015bcie\u017cki, podjazdy, rabaty czy miejsca z kostki brukowej. Dzi\u0119ki swojej du\u017cej wytrzyma\u0142o\u015bci zapobiegaj\u0105 one <strong data-start=\"364\" data-end=\"389\">rozsuwaniu si\u0119 kostki<\/strong>, <strong data-start=\"391\" data-end=\"411\">osypywaniu ziemi<\/strong> oraz <strong data-start=\"417\" data-end=\"437\">zarastaniu trawy<\/strong> w miejscach, gdzie nie jest to po\u017c\u0105dane. S\u0105 odporne na warunki atmosferyczne, co sprawia, \u017ce nadaj\u0105 si\u0119 zar\u00f3wno do przestrzeni prywatnych, jak i publicznych.<\/p>\n<p>&nbsp;<\/p>\n","protected":false},"excerpt":{"rendered":"<div class=\"text-base my-auto mx-auto pb-10 [--thread-content-margin:--spacing(4)] @w-sm\/main:[--thread-content-margin:--spacing(6)] @w-lg\/main:[--thread-content-margin:--spacing(16)] px-(--thread-content-margin)\">\n<div class=\"[--thread-content-max-width:40rem] @w-lg\/main:[--thread-content-max-width:48rem] mx-auto max-w-(--thread-content-max-width) flex-1 group\/turn-messages focus-visible:outline-hidden relative flex w-full min-w-0 flex-col agent-turn\" tabindex=\"-1\">\n<div class=\"flex max-w-full flex-col grow\">\n<div class=\"min-h-8 text-message relative flex w-full flex-col items-end gap-2 text-start break-words whitespace-normal [.text-message+&amp;]:mt-1\" dir=\"auto\" data-message-author-role=\"assistant\" data-message-id=\"262f8afb-cc43-4cf7-9c0a-270b9546ad6e\" data-message-model-slug=\"gpt-5-1\">\n<div class=\"flex w-full flex-col gap-1 empty:hidden first:pt-[1px]\">\n<div class=\"markdown prose dark:prose-invert w-full break-words light markdown-new-styling\">\n<p data-start=\"0\" data-end=\"140\">Obrze\u017ca betonowe maj\u0105 bardzo szerokie zastosowanie w ogrodnictwie, budownictwie i aran\u017cacji przestrzeni.<\/p>\n<\/div>\n<\/div>\n<\/div>\n<\/div>\n<\/div>\n<\/div>\n","protected":false},"featured_media":6572,"template":"","meta":{"_acf_changed":false,"site-sidebar-layout":"default","site-content-layout":"default","ast-site-content-layout":"default","site-content-style":"default","site-sidebar-style":"default","ast-global-header-display":"","ast-banner-title-visibility":"","ast-main-header-display":"","ast-hfb-above-header-display":"","ast-hfb-below-header-display":"","ast-hfb-mobile-header-display":"","site-post-title":"","ast-breadcrumbs-content":"","ast-featured-img":"","footer-sml-layout":"","ast-disable-related-posts":"","theme-transparent-header-meta":"default","adv-header-id-meta":"","stick-header-meta":"default","header-above-stick-meta":"","header-main-stick-meta":"","header-below-stick-meta":"","astra-migrate-meta-layouts":"set","ast-page-background-enabled":"default","ast-page-background-meta":{"desktop":{"background-color":"var(--ast-global-color-5)","background-image":"","background-repeat":"repeat","background-position":"center center","background-size":"auto","background-attachment":"scroll","background-type":"","background-media":"","overlay-type":"","overlay-color":"","overlay-opacity":"","overlay-gradient":""},"tablet":{"background-color":"","background-image":"","background-repeat":"repeat","background-position":"center center","background-size":"auto","background-attachment":"scroll","background-type":"","background-media":"","overlay-type":"","overlay-color":"","overlay-opacity":"","overlay-gradient":""},"mobile":{"background-color":"","background-image":"","background-repeat":"repeat","background-position":"center center","background-size":"auto","background-attachment":"scroll","background-type":"","background-media":"","overlay-type":"","overlay-color":"","overlay-opacity":"","overlay-gradient":""}},"ast-content-background-meta":{"desktop":{"background-color":"var(--ast-global-color-4)","background-image":"","background-repeat":"repeat","background-position":"center center","background-size":"auto","background-attachment":"scroll","background-type":"","background-media":"","overlay-type":"","overlay-color":"","overlay-opacity":"","overlay-gradient":""},"tablet":{"background-color":"var(--ast-global-color-4)","background-image":"","background-repeat":"repeat","background-position":"center center","background-size":"auto","background-attachment":"scroll","background-type":"","background-media":"","overlay-type":"","overlay-color":"","overlay-opacity":"","overlay-gradient":""},"mobile":{"background-color":"var(--ast-global-color-4)","background-image":"","background-repeat":"repeat","background-position":"center center","background-size":"auto","background-attachment":"scroll","background-type":"","background-media":"","overlay-type":"","overlay-color":"","overlay-opacity":"","overlay-gradient":""}}},"product_brand":[],"product_cat":[690],"product_tag":[],"class_list":{"0":"post-22025","1":"product","2":"type-product","3":"status-publish","4":"has-post-thumbnail","6":"product_cat-krawezniki-i-obrzeza","7":"pa_grubosc-6-cm","8":"pa_grubosc-8-cm","9":"desktop-align-left","10":"tablet-align-left","11":"mobile-align-left","13":"first","14":"instock","15":"taxable","16":"shipping-taxable","17":"purchasable","18":"product-type-variable"},"acf":[],"_links":{"self":[{"href":"https:\/\/pebek.pl\/de\/wp-json\/wp\/v2\/product\/22025","targetHints":{"allow":["GET"]}}],"collection":[{"href":"https:\/\/pebek.pl\/de\/wp-json\/wp\/v2\/product"}],"about":[{"href":"https:\/\/pebek.pl\/de\/wp-json\/wp\/v2\/types\/product"}],"wp:featuredmedia":[{"embeddable":true,"href":"https:\/\/pebek.pl\/de\/wp-json\/wp\/v2\/media\/6572"}],"wp:attachment":[{"href":"https:\/\/pebek.pl\/de\/wp-json\/wp\/v2\/media?parent=22025"}],"wp:term":[{"taxonomy":"product_brand","embeddable":true,"href":"https:\/\/pebek.pl\/de\/wp-json\/wp\/v2\/product_brand?post=22025"},{"taxonomy":"product_cat","embeddable":true,"href":"https:\/\/pebek.pl\/de\/wp-json\/wp\/v2\/product_cat?post=22025"},{"taxonomy":"product_tag","embeddable":true,"href":"https:\/\/pebek.pl\/de\/wp-json\/wp\/v2\/product_tag?post=22025"}],"curies":[{"name":"wp","href":"https:\/\/api.w.org\/{rel}","templated":true}]}}