{"id":13513,"date":"2022-10-20T10:17:09","date_gmt":"2022-10-20T09:17:09","guid":{"rendered":"https:\/\/pebek.pl\/?post_type=product&#038;p=13513"},"modified":"2025-03-18T12:12:34","modified_gmt":"2025-03-18T11:12:34","slug":"sciany-warstwowe","status":"publish","type":"product","link":"https:\/\/pebek.pl\/en\/sklep\/rozwiazania\/elementy-przemyslowe\/budownictwo-przemyslowe\/elementy-budownictwa-mieszkaniowego\/sciany-warstwowe\/","title":{"rendered":"\u015aciany warstwowe"},"content":{"rendered":"<p>Pionowe elementy konstrukcyjne ( z wy\u0142\u0105czeniem \u015bcian dzia\u0142owych, os\u0142onowych i nieno\u015bnych), kt\u00f3rych zadaniem jest przenoszenie na fundament obci\u0105\u017ce\u0144 od ci\u0119\u017caru<br \/>\nw\u0142asnego oraz strop\u00f3w. Pe\u0142ni\u0105 rol\u0119 przegr\u00f3d budowlanych oraz stanowi\u0105 usztywnienie przestrzenne ca\u0142ego budynku. W zale\u017cno\u015bci od po\u0142o\u017cenia chroni\u0105 przed czynnikami atmosferycznymi oraz ha\u0142asem.<\/p>\n<p>Prefabrykaty mog\u0105 posiada\u0107 otwory okienne i drzwiowe w praktycznie dowolnych rozmiarach i kszta\u0142tach. \u015aciany produkowane s\u0105 jako elementy indywidualne. W zale\u017cno\u015bci od wymog\u00f3w projektu posiada\u0107 mog\u0105 odpowiednie otworowania i akcesoria do wzajemnego po\u0142\u0105czenia na budowie.<\/p>\n<p>Rodzaje \u015bcian warstwowych:<\/p>\n<ul>\n<li>jednowarstwowe wewn\u0119trzne lub zewn\u0119trzne, \u017celbetowe lub keramzytobetonowe. Sk\u0142adaj\u0105 si\u0119 wy\u0142\u0105cznie z warstwy no\u015bnej.<\/li>\n<li>dwuwarstwowe sk\u0142adaj\u0105 si\u0119 z\u00a0warstwy no\u015bnej oraz\u00a0izolacyjnej. Wewn\u0119trzna warstwa z odpowiednim zbrojeniem pe\u0142ni funkcj\u0119 \u015bciany no\u015bnej. Warstwa zewn\u0119trzna gwarantuje zak\u0142adan\u0105 izolacyjno\u015b\u0107 termiczn\u0105.<\/li>\n<li>tr\u00f3jwarstwowe sk\u0142adaj\u0105 si\u0119 z warstwy no\u015bnej, izolacyjnej oraz elewacyjnej. Wewn\u0119trzna warstwa z odpowiednim zbrojeniem pe\u0142ni funkcj\u0119 \u015bciany no\u015bnej. Warstwa \u015brodkowa gwarantuje zak\u0142adan\u0105 izolacyjno\u015b\u0107 termiczn\u0105. Warstwa elewacyjna zabezpiecza warstw\u0119 izolacyjn\u0105 oraz pozwala na nadanie zak\u0142adanej struktury i faktury. W zale\u017cno\u015bci od projektu mo\u017ce by\u0107 to tynk strukturalny b\u0105d\u017a p\u0142yty ok\u0142adzinowe GRC, b\u0105d\u017a wybrany rodzaj matrycy.<\/li>\n<\/ul>\n","protected":false},"excerpt":{"rendered":"<p>Pionowe elementy konstrukcyjne, kt\u00f3rych zadaniem jest przenoszenie na fundament obci\u0105\u017ce\u0144 od ci\u0119\u017caru<br \/>\nw\u0142asnego oraz strop\u00f3w.<\/p>\n","protected":false},"featured_media":13436,"template":"","meta":{"_acf_changed":false,"site-sidebar-layout":"default","site-content-layout":"default","ast-site-content-layout":"default","site-content-style":"default","site-sidebar-style":"default","ast-global-header-display":"","ast-banner-title-visibility":"","ast-main-header-display":"","ast-hfb-above-header-display":"","ast-hfb-below-header-display":"","ast-hfb-mobile-header-display":"","site-post-title":"","ast-breadcrumbs-content":"","ast-featured-img":"","footer-sml-layout":"","ast-disable-related-posts":"","theme-transparent-header-meta":"default","adv-header-id-meta":"","stick-header-meta":"default","header-above-stick-meta":"","header-main-stick-meta":"","header-below-stick-meta":"","astra-migrate-meta-layouts":"set","ast-page-background-enabled":"default","ast-page-background-meta":{"desktop":{"background-color":"var(--ast-global-color-5)","background-image":"","background-repeat":"repeat","background-position":"center center","background-size":"auto","background-attachment":"scroll","background-type":"","background-media":"","overlay-type":"","overlay-color":"","overlay-opacity":"","overlay-gradient":""},"tablet":{"background-color":"","background-image":"","background-repeat":"repeat","background-position":"center center","background-size":"auto","background-attachment":"scroll","background-type":"","background-media":"","overlay-type":"","overlay-color":"","overlay-opacity":"","overlay-gradient":""},"mobile":{"background-color":"","background-image":"","background-repeat":"repeat","background-position":"center center","background-size":"auto","background-attachment":"scroll","background-type":"","background-media":"","overlay-type":"","overlay-color":"","overlay-opacity":"","overlay-gradient":""}},"ast-content-background-meta":{"desktop":{"background-color":"var(--ast-global-color-4)","background-image":"","background-repeat":"repeat","background-position":"center center","background-size":"auto","background-attachment":"scroll","background-type":"","background-media":"","overlay-type":"","overlay-color":"","overlay-opacity":"","overlay-gradient":""},"tablet":{"background-color":"var(--ast-global-color-4)","background-image":"","background-repeat":"repeat","background-position":"center center","background-size":"auto","background-attachment":"scroll","background-type":"","background-media":"","overlay-type":"","overlay-color":"","overlay-opacity":"","overlay-gradient":""},"mobile":{"background-color":"var(--ast-global-color-4)","background-image":"","background-repeat":"repeat","background-position":"center center","background-size":"auto","background-attachment":"scroll","background-type":"","background-media":"","overlay-type":"","overlay-color":"","overlay-opacity":"","overlay-gradient":""}}},"product_brand":[],"product_cat":[646,701],"product_tag":[],"class_list":{"0":"post-13513","1":"product","2":"type-product","3":"status-publish","4":"has-post-thumbnail","6":"product_cat-elementy-budownictwa-mieszkaniowego","7":"product_cat-sciany-warstwowe-2","8":"desktop-align-left","9":"tablet-align-left","10":"mobile-align-left","12":"first","13":"instock","14":"taxable","15":"shipping-taxable","16":"product-type-simple"},"acf":[],"_links":{"self":[{"href":"https:\/\/pebek.pl\/en\/wp-json\/wp\/v2\/product\/13513","targetHints":{"allow":["GET"]}}],"collection":[{"href":"https:\/\/pebek.pl\/en\/wp-json\/wp\/v2\/product"}],"about":[{"href":"https:\/\/pebek.pl\/en\/wp-json\/wp\/v2\/types\/product"}],"wp:featuredmedia":[{"embeddable":true,"href":"https:\/\/pebek.pl\/en\/wp-json\/wp\/v2\/media\/13436"}],"wp:attachment":[{"href":"https:\/\/pebek.pl\/en\/wp-json\/wp\/v2\/media?parent=13513"}],"wp:term":[{"taxonomy":"product_brand","embeddable":true,"href":"https:\/\/pebek.pl\/en\/wp-json\/wp\/v2\/product_brand?post=13513"},{"taxonomy":"product_cat","embeddable":true,"href":"https:\/\/pebek.pl\/en\/wp-json\/wp\/v2\/product_cat?post=13513"},{"taxonomy":"product_tag","embeddable":true,"href":"https:\/\/pebek.pl\/en\/wp-json\/wp\/v2\/product_tag?post=13513"}],"curies":[{"name":"wp","href":"https:\/\/api.w.org\/{rel}","templated":true}]}}