{"id":13528,"date":"2022-10-20T10:22:21","date_gmt":"2022-10-20T09:22:21","guid":{"rendered":"https:\/\/pebek.pl\/?post_type=product&#038;p=13528"},"modified":"2025-03-18T12:12:33","modified_gmt":"2025-03-18T11:12:33","slug":"dzwigary-dachowe","status":"publish","type":"product","link":"https:\/\/pebek.pl\/en\/sklep\/rozwiazania\/elementy-przemyslowe\/prefabrykacja-2\/dzwigary-2\/dzwigary-dachowe\/","title":{"rendered":"D\u017awigary dachowe"},"content":{"rendered":"<p>D\u017awigary dachowe to elementy konstrukcyjne, kt\u00f3re przenosz\u0105 obci\u0105\u017cenia z powierzchni dachu i przekazuj\u0105 je jako warto\u015b\u0107 skupion\u0105 si\u0142y na s\u0142upy lub \u015bciany. Dok\u0142adamy wszelkich stara\u0144, aby nasze produkty spe\u0142nia\u0142y, a nawet przekracza\u0142y, wszystkie wymogi bezpiecze\u0144stwa i standardy bran\u017cowe.<\/p>\n<h3>W zale\u017cno\u015bci od za\u0142o\u017ce\u0144 projektowych wytwarzane s\u0105 :<\/h3>\n<ul>\n<li>elementy o zmiennej wysoko\u015bci, ze sta\u0142ym spadkiem w jednym kierunku. Dolna p\u00f3\u0142ka elementu jest prosta, g\u00f3rna za\u015b w celu uzyskania spadku po\u0142aci dachowej, ukszta\u0142towana ze spadkiem.<\/li>\n<li>elementy o zmiennej wysoko\u015bci przekroju, ze sta\u0142ym spadkiem w dw\u00f3ch kierunkach. Dolna p\u00f3\u0142ka elementu jest prosta, g\u00f3rna za\u015b w celu uzyskania spadku po\u0142aci dachowej,<\/li>\n<li>ukszta\u0142towana ze spadkiem.<\/li>\n<li>elementy o\u00a0sta\u0142ej wysoko\u015bci<\/li>\n<\/ul>\n<h3>Wsparcie<\/h3>\n<p>Prefabrykowane d\u017awigary dachowe to solidne elementy konstrukcyjne, stanowi\u0105ce niezb\u0119dny element budowy dach\u00f3w o r\u00f3\u017cnych kszta\u0142tach i rozmiarach. Wykonane s\u0105 z najwy\u017cszej jako\u015bci betonu, dlatego mo\u017cemy zagwarantowa\u0107 ich trwa\u0142o\u015b\u0107 i odporno\u015b\u0107 na obci\u0105\u017cenia oraz to, \u017ce zapewniaj\u0105 stabilno\u015b\u0107 i bezpiecze\u0144stwo struktury dachowej.<\/p>\n<h3>Na miar\u0119<\/h3>\n<p>Ka\u017cde d\u017awigary dachowe dostosowujemy do konkretnych wymaga\u0144 projektowych. Dlatego elementy mog\u0105 by\u0107 wyposa\u017cone w marki stalowe i potrzebne akcesoria monta\u017cowe do po\u0142\u0105czenia z innymi elementami konstrukcji.<\/p>\n<h3>Dlaczego my?<\/h3>\n<ul>\n<li>Trwa\u0142o\u015b\u0107: prefabrykaty betonowe wykonujemy z najwy\u017cszej jako\u015bci betonu, aby spe\u0142ni\u0107 wszystkie wymania i normy.<\/li>\n<li>Efektywno\u015b\u0107: prefabrykacja skraca czas budowy, co przek\u0142ada si\u0119 na szybkie osi\u0105gni\u0119cie post\u0119p\u00f3w w konstrukcji.<\/li>\n<\/ul>\n<p>Zbuduj trwa\u0142y, estetyczny dach, wybieraj\u0105c nasze prefabrykowane d\u017awigary dachowe.<\/p>\n<p>&nbsp;<\/p>\n","protected":false},"excerpt":{"rendered":"<p>D\u017awigary dachowe to elementy konstrukcyjne, kt\u00f3re przenosz\u0105 obci\u0105\u017cenia z powierzchni dachu i przekazuj\u0105 je jako warto\u015b\u0107 skupion\u0105 si\u0142y na s\u0142upy lub \u015bciany.<\/p>\n","protected":false},"featured_media":13426,"template":"","meta":{"_acf_changed":false,"site-sidebar-layout":"default","site-content-layout":"default","ast-site-content-layout":"default","site-content-style":"default","site-sidebar-style":"default","ast-global-header-display":"","ast-banner-title-visibility":"","ast-main-header-display":"","ast-hfb-above-header-display":"","ast-hfb-below-header-display":"","ast-hfb-mobile-header-display":"","site-post-title":"","ast-breadcrumbs-content":"","ast-featured-img":"","footer-sml-layout":"","ast-disable-related-posts":"","theme-transparent-header-meta":"default","adv-header-id-meta":"","stick-header-meta":"default","header-above-stick-meta":"","header-main-stick-meta":"","header-below-stick-meta":"","astra-migrate-meta-layouts":"set","ast-page-background-enabled":"default","ast-page-background-meta":{"desktop":{"background-color":"var(--ast-global-color-5)","background-image":"","background-repeat":"repeat","background-position":"center center","background-size":"auto","background-attachment":"scroll","background-type":"","background-media":"","overlay-type":"","overlay-color":"","overlay-opacity":"","overlay-gradient":""},"tablet":{"background-color":"","background-image":"","background-repeat":"repeat","background-position":"center center","background-size":"auto","background-attachment":"scroll","background-type":"","background-media":"","overlay-type":"","overlay-color":"","overlay-opacity":"","overlay-gradient":""},"mobile":{"background-color":"","background-image":"","background-repeat":"repeat","background-position":"center center","background-size":"auto","background-attachment":"scroll","background-type":"","background-media":"","overlay-type":"","overlay-color":"","overlay-opacity":"","overlay-gradient":""}},"ast-content-background-meta":{"desktop":{"background-color":"var(--ast-global-color-4)","background-image":"","background-repeat":"repeat","background-position":"center center","background-size":"auto","background-attachment":"scroll","background-type":"","background-media":"","overlay-type":"","overlay-color":"","overlay-opacity":"","overlay-gradient":""},"tablet":{"background-color":"var(--ast-global-color-4)","background-image":"","background-repeat":"repeat","background-position":"center center","background-size":"auto","background-attachment":"scroll","background-type":"","background-media":"","overlay-type":"","overlay-color":"","overlay-opacity":"","overlay-gradient":""},"mobile":{"background-color":"var(--ast-global-color-4)","background-image":"","background-repeat":"repeat","background-position":"center center","background-size":"auto","background-attachment":"scroll","background-type":"","background-media":"","overlay-type":"","overlay-color":"","overlay-opacity":"","overlay-gradient":""}}},"product_brand":[],"product_cat":[416,673,699],"product_tag":[],"class_list":{"0":"post-13528","1":"product","2":"type-product","3":"status-publish","4":"has-post-thumbnail","6":"product_cat-prefabrykacja","7":"product_cat-prefabrykacja-2","8":"product_cat-dzwigary-2","9":"desktop-align-left","10":"tablet-align-left","11":"mobile-align-left","13":"first","14":"instock","15":"taxable","16":"shipping-taxable","17":"product-type-simple"},"acf":[],"_links":{"self":[{"href":"https:\/\/pebek.pl\/en\/wp-json\/wp\/v2\/product\/13528","targetHints":{"allow":["GET"]}}],"collection":[{"href":"https:\/\/pebek.pl\/en\/wp-json\/wp\/v2\/product"}],"about":[{"href":"https:\/\/pebek.pl\/en\/wp-json\/wp\/v2\/types\/product"}],"wp:featuredmedia":[{"embeddable":true,"href":"https:\/\/pebek.pl\/en\/wp-json\/wp\/v2\/media\/13426"}],"wp:attachment":[{"href":"https:\/\/pebek.pl\/en\/wp-json\/wp\/v2\/media?parent=13528"}],"wp:term":[{"taxonomy":"product_brand","embeddable":true,"href":"https:\/\/pebek.pl\/en\/wp-json\/wp\/v2\/product_brand?post=13528"},{"taxonomy":"product_cat","embeddable":true,"href":"https:\/\/pebek.pl\/en\/wp-json\/wp\/v2\/product_cat?post=13528"},{"taxonomy":"product_tag","embeddable":true,"href":"https:\/\/pebek.pl\/en\/wp-json\/wp\/v2\/product_tag?post=13528"}],"curies":[{"name":"wp","href":"https:\/\/api.w.org\/{rel}","templated":true}]}}