{"id":17959,"date":"2023-07-13T10:44:29","date_gmt":"2023-07-13T09:44:29","guid":{"rendered":"https:\/\/pebek.pl\/?post_type=product&#038;p=17959"},"modified":"2026-03-17T14:21:50","modified_gmt":"2026-03-17T13:21:50","slug":"plyta-80x80","status":"publish","type":"product","link":"https:\/\/pebek.pl\/en\/sklep\/taras\/plyty-wielkoformatowe-3\/plyty-betonowe-2\/plyta-80x80\/","title":{"rendered":"P\u0142yta Tetris 80&#215;80"},"content":{"rendered":"<p>P\u0142yta Tetris 80&#215;80 to p\u0142yta o du\u017cym formacie, kt\u00f3ra nadaje si\u0119 na du\u017ce nawierzchnie. Sprawdzi si\u0119 r\u00f3wnie\u017c w miejscach, w kt\u00f3rych odbywa si\u0119 ruch ko\u0142owy. Doskonale pasuje do modernistycznych aran\u017cacji, jak i do klasycznych projekt\u00f3w. Chropowata nawierzchnia nadaje charakteru ka\u017cdej przestrzeni.<\/p>\n<p>Skomponuj j\u0105 razem z pozosta\u0142ymi formatami w kolekcji TETRIS.<\/p>\n<h3>Funkcjonalno\u015b\u0107<\/h3>\n<p>P\u0142yta Tetris 80&#215;80 cechuje si\u0119 wysok\u0105 jako\u015bci\u0105 wykonania. Idealnie komponuje si\u0119 z pozosta\u0142ymi elementami systemu TETRIS. Za ich pomoc\u0105 mo\u017cna stworzy\u0107 nowoczesne i niesamowite aran\u017cacje. Pi\u0119kny i smuk\u0142y kszta\u0142t sprawdzi si\u0119 w wielu projektach, zar\u00f3wno prywatnych, jak i miejskich. Pi\u0119\u0107 dost\u0119pnych format\u00f3w pozwol\u0105 na stworzenie ciekawego wzornictwa.<\/p>\n<h3>Wytrzyma\u0142o\u015b\u0107<\/h3>\n<p>P\u0142yta wykonana zosta\u0142a z najlepszych materia\u0142\u00f3w, aby by\u0142a zapewni\u0107 odporno\u015b\u0107 na \u015bcieranie, nacisk i wp\u0142yw warunk\u00f3w atmosferycznych. Bogata kolorystyka nie traci na intensywno\u015bci i nie blaknie pod wp\u0142ywem promieni s\u0142onecznych.<\/p>\n<p>Sprawdzi si\u0119 doskonale w przestrzeniach o nat\u0119\u017conym ruchu. Dodatkowo jej konserwacja i czyszczenie s\u0105 niezwykle \u0142atwe, a jednocze\u015bnie znacz\u0105co wyd\u0142u\u017c\u0105 czas, w kt\u00f3rym b\u0119dzie wygl\u0105da\u0107 doskonale.<\/p>\n<h3>Monta\u017c<\/h3>\n<p>Nasze p\u0142yty opracowali\u015bmy w taki spos\u00f3b, aby ich monta\u017c przebiega\u0142 szybko i p\u0142ynnie. Dzi\u0119ki temu mo\u017cna znacznie skr\u00f3ci\u0107 prace budowlane.<\/p>\n<h6>Dane techniczne<\/h6>\n<p>P\u0142yta Tetris 80&#215;80 jest cz\u0119\u015bci\u0105 systemu TETRIS. Ma 8 cm grubo\u015bci i mikrofaz\u0119. Dost\u0119pna jest w kolorach z serii:<\/p>\n<ul>\n<li>Monocolor,<\/li>\n<li>Color-mix,<\/li>\n<li>\u015arutowanie.<\/li>\n<\/ul>\n<p>Tetris to kostka, kt\u00f3ra spe\u0142nia wszystkie wymagania i normy. Doskonale sprawdzi si\u0119 w du\u017cych przestrzeniach.<\/p>\n","protected":false},"excerpt":{"rendered":"<p>Doskona\u0142a do tworzenia przestrzeni, kt\u00f3re maj\u0105 cechowa\u0107 si\u0119 prostot\u0105 i funkcjonalno\u015bci\u0105 bez dodatkowych ozd\u00f3b.<\/p>\n","protected":false},"featured_media":22178,"template":"","meta":{"_acf_changed":false,"site-sidebar-layout":"default","site-content-layout":"default","ast-site-content-layout":"default","site-content-style":"default","site-sidebar-style":"default","ast-global-header-display":"","ast-banner-title-visibility":"","ast-main-header-display":"","ast-hfb-above-header-display":"","ast-hfb-below-header-display":"","ast-hfb-mobile-header-display":"","site-post-title":"","ast-breadcrumbs-content":"","ast-featured-img":"","footer-sml-layout":"","ast-disable-related-posts":"","theme-transparent-header-meta":"default","adv-header-id-meta":"","stick-header-meta":"default","header-above-stick-meta":"","header-main-stick-meta":"","header-below-stick-meta":"","astra-migrate-meta-layouts":"set","ast-page-background-enabled":"default","ast-page-background-meta":{"desktop":{"background-color":"var(--ast-global-color-5)","background-image":"","background-repeat":"repeat","background-position":"center center","background-size":"auto","background-attachment":"scroll","background-type":"","background-media":"","overlay-type":"","overlay-color":"","overlay-opacity":"","overlay-gradient":""},"tablet":{"background-color":"","background-image":"","background-repeat":"repeat","background-position":"center center","background-size":"auto","background-attachment":"scroll","background-type":"","background-media":"","overlay-type":"","overlay-color":"","overlay-opacity":"","overlay-gradient":""},"mobile":{"background-color":"","background-image":"","background-repeat":"repeat","background-position":"center center","background-size":"auto","background-attachment":"scroll","background-type":"","background-media":"","overlay-type":"","overlay-color":"","overlay-opacity":"","overlay-gradient":""}},"ast-content-background-meta":{"desktop":{"background-color":"var(--ast-global-color-4)","background-image":"","background-repeat":"repeat","background-position":"center center","background-size":"auto","background-attachment":"scroll","background-type":"","background-media":"","overlay-type":"","overlay-color":"","overlay-opacity":"","overlay-gradient":""},"tablet":{"background-color":"var(--ast-global-color-4)","background-image":"","background-repeat":"repeat","background-position":"center center","background-size":"auto","background-attachment":"scroll","background-type":"","background-media":"","overlay-type":"","overlay-color":"","overlay-opacity":"","overlay-gradient":""},"mobile":{"background-color":"var(--ast-global-color-4)","background-image":"","background-repeat":"repeat","background-position":"center center","background-size":"auto","background-attachment":"scroll","background-type":"","background-media":"","overlay-type":"","overlay-color":"","overlay-opacity":"","overlay-gradient":""}}},"product_brand":[],"product_cat":[696,698,633],"product_tag":[],"class_list":{"0":"post-17959","1":"product","2":"type-product","3":"status-publish","4":"has-post-thumbnail","6":"product_cat-plyty-betonowe-2","7":"product_cat-plyty-betonowe-3","8":"product_cat-plyty-wielkoformatowe","9":"pa_grubosc-8-cm","10":"pa_il-w-warstwie-240","11":"pa_krawedz-mikrofaza","12":"pa_paczka-m2-627","13":"pa_wrc-wrc-1","14":"pa_wrc-wrc-5","15":"desktop-align-left","16":"tablet-align-left","17":"mobile-align-left","19":"first","20":"instock","21":"taxable","22":"shipping-taxable","23":"purchasable","24":"product-type-variable","25":"has-default-attributes"},"acf":[],"_links":{"self":[{"href":"https:\/\/pebek.pl\/en\/wp-json\/wp\/v2\/product\/17959","targetHints":{"allow":["GET"]}}],"collection":[{"href":"https:\/\/pebek.pl\/en\/wp-json\/wp\/v2\/product"}],"about":[{"href":"https:\/\/pebek.pl\/en\/wp-json\/wp\/v2\/types\/product"}],"wp:featuredmedia":[{"embeddable":true,"href":"https:\/\/pebek.pl\/en\/wp-json\/wp\/v2\/media\/22178"}],"wp:attachment":[{"href":"https:\/\/pebek.pl\/en\/wp-json\/wp\/v2\/media?parent=17959"}],"wp:term":[{"taxonomy":"product_brand","embeddable":true,"href":"https:\/\/pebek.pl\/en\/wp-json\/wp\/v2\/product_brand?post=17959"},{"taxonomy":"product_cat","embeddable":true,"href":"https:\/\/pebek.pl\/en\/wp-json\/wp\/v2\/product_cat?post=17959"},{"taxonomy":"product_tag","embeddable":true,"href":"https:\/\/pebek.pl\/en\/wp-json\/wp\/v2\/product_tag?post=17959"}],"curies":[{"name":"wp","href":"https:\/\/api.w.org\/{rel}","templated":true}]}}