{"id":21943,"date":"2025-11-18T13:50:15","date_gmt":"2025-11-18T12:50:15","guid":{"rendered":"https:\/\/pebek.pl\/?post_type=product&#038;p=21943"},"modified":"2026-04-20T07:13:38","modified_gmt":"2026-04-20T06:13:38","slug":"bloczki-betonowe-lego","status":"publish","type":"product","link":"https:\/\/pebek.pl\/en\/sklep\/rozwiazania\/elementy-przemyslowe\/prefabrykacja-2\/bloki-betonowe-lego\/bloczki-betonowe-lego\/","title":{"rendered":"Bloki betonowe"},"content":{"rendered":"<p>Jeste\u015bmy do\u015bwiadczonym producentem blok\u00f3w betonowych. Nasze elementy powstaj\u0105 z certyfikowanych mieszanek betonowych, co gwarantuje ich wytrzyma\u0142o\u015b\u0107, powtarzalno\u015b\u0107 wymiarow\u0105 i odporno\u015b\u0107 na warunki atmosferyczne.<br data-start=\"721\" data-end=\"724\" \/>Dostarczamy rozwi\u0105zania dla firm budowlanych, przemys\u0142u, rolnictwa oraz inwestor\u00f3w indywidualnych w ca\u0142ej Polsce.<\/p>\n<p data-start=\"1539\" data-end=\"1660\">Nasze <strong data-start=\"1545\" data-end=\"1578\">betonowe klocki konstrukcyjne<\/strong> idealnie sprawdzaj\u0105 si\u0119 w nowoczesnych i tradycyjnych inwestycjach. Zastosowanie:<\/p>\n<ul data-start=\"1662\" data-end=\"1901\">\n<li data-start=\"1662\" data-end=\"1696\">\n<p data-start=\"1664\" data-end=\"1696\"><strong data-start=\"1664\" data-end=\"1694\">mury oporowe z blok\u00f3w betonowych<\/strong><\/p>\n<\/li>\n<li data-start=\"1697\" data-end=\"1741\">\n<p data-start=\"1699\" data-end=\"1741\"><strong data-start=\"1699\" data-end=\"1720\">boksy na kruszywa<\/strong> i materia\u0142y sypkie<\/p>\n<\/li>\n<li data-start=\"1742\" data-end=\"1778\">\n<p data-start=\"1744\" data-end=\"1778\"><strong data-start=\"1744\" data-end=\"1776\">ogrodzenia i \u015bciany dzia\u0142owe<\/strong><\/p>\n<\/li>\n<li data-start=\"1779\" data-end=\"1817\">\n<p data-start=\"1781\" data-end=\"1817\"><strong data-start=\"1781\" data-end=\"1815\">zabezpieczenia wykop\u00f3w i skarp<\/strong><\/p>\n<\/li>\n<li data-start=\"1818\" data-end=\"1862\">\n<p data-start=\"1820\" data-end=\"1862\"><strong data-start=\"1820\" data-end=\"1860\">konstrukcje tymczasowe i przemys\u0142owe<\/strong><\/p>\n<\/li>\n<li data-start=\"1863\" data-end=\"1901\">\n<p data-start=\"1865\" data-end=\"1901\">magazyny, hale, podzia\u0142y przestrzeni<\/p>\n<\/li>\n<\/ul>\n<p data-start=\"1903\" data-end=\"2024\">Dzi\u0119ki systemowi zamk\u00f3w <strong data-start=\"1927\" data-end=\"1959\">bloki betonowe modu\u0142owe <\/strong>mo\u017cna montowa\u0107 bez zaprawy, szybko i bez specjalistycznej ekipy.<\/p>\n<p data-start=\"1776\" data-end=\"1817\"><strong data-start=\"1779\" data-end=\"1817\">Dlaczego warto wybra\u0107 nasze bloki?<\/strong><\/p>\n<ul data-start=\"1818\" data-end=\"2205\">\n<li data-start=\"1818\" data-end=\"1886\">\n<p data-start=\"1820\" data-end=\"1886\"><strong data-start=\"1820\" data-end=\"1843\">Wysoka wytrzyma\u0142o\u015b\u0107<\/strong> \u2013 produkowane z betonu najwy\u017cszej klasy.<\/p>\n<\/li>\n<li data-start=\"1887\" data-end=\"1963\">\n<p data-start=\"1889\" data-end=\"1963\"><strong data-start=\"1889\" data-end=\"1915\">Prosty i szybki monta\u017c<\/strong> \u2013 bez zaprawy, bez specjalistycznego sprz\u0119tu.<\/p>\n<\/li>\n<li data-start=\"1964\" data-end=\"2022\">\n<p data-start=\"1966\" data-end=\"2022\"><strong data-start=\"1966\" data-end=\"1993\">Powtarzalno\u015b\u0107 element\u00f3w<\/strong> \u2013 perfekcyjne dopasowanie.<\/p>\n<\/li>\n<li data-start=\"2023\" data-end=\"2107\">\n<p data-start=\"2025\" data-end=\"2107\"><strong data-start=\"2025\" data-end=\"2066\">Mo\u017cliwo\u015b\u0107 wielokrotnego wykorzystania<\/strong> \u2013 idealne do konstrukcji tymczasowych.<\/p>\n<\/li>\n<\/ul>\n<p>&nbsp;<\/p>\n<p>&nbsp;<\/p>\n","protected":false},"excerpt":{"rendered":"<div class=\"pebek-product-section\">\n<div class=\"pebek-description\">\n<p>Bloki betonowe \u2014 szybkie, trwa\u0142e i elastyczne budowanie.<\/p>\n<\/div>\n<\/div>\n<div class=\"pebek-product-section\"><\/div>\n","protected":false},"featured_media":21996,"template":"","meta":{"_acf_changed":false,"site-sidebar-layout":"default","site-content-layout":"","ast-site-content-layout":"default","site-content-style":"default","site-sidebar-style":"default","ast-global-header-display":"","ast-banner-title-visibility":"","ast-main-header-display":"","ast-hfb-above-header-display":"","ast-hfb-below-header-display":"","ast-hfb-mobile-header-display":"","site-post-title":"","ast-breadcrumbs-content":"","ast-featured-img":"","footer-sml-layout":"","ast-disable-related-posts":"","theme-transparent-header-meta":"default","adv-header-id-meta":"","stick-header-meta":"default","header-above-stick-meta":"","header-main-stick-meta":"","header-below-stick-meta":"","astra-migrate-meta-layouts":"set","ast-page-background-enabled":"default","ast-page-background-meta":{"desktop":{"background-color":"var(--ast-global-color-5)","background-image":"","background-repeat":"repeat","background-position":"center center","background-size":"auto","background-attachment":"scroll","background-type":"","background-media":"","overlay-type":"","overlay-color":"","overlay-opacity":"","overlay-gradient":""},"tablet":{"background-color":"","background-image":"","background-repeat":"repeat","background-position":"center center","background-size":"auto","background-attachment":"scroll","background-type":"","background-media":"","overlay-type":"","overlay-color":"","overlay-opacity":"","overlay-gradient":""},"mobile":{"background-color":"","background-image":"","background-repeat":"repeat","background-position":"center center","background-size":"auto","background-attachment":"scroll","background-type":"","background-media":"","overlay-type":"","overlay-color":"","overlay-opacity":"","overlay-gradient":""}},"ast-content-background-meta":{"desktop":{"background-color":"var(--ast-global-color-4)","background-image":"","background-repeat":"repeat","background-position":"center center","background-size":"auto","background-attachment":"scroll","background-type":"","background-media":"","overlay-type":"","overlay-color":"","overlay-opacity":"","overlay-gradient":""},"tablet":{"background-color":"var(--ast-global-color-4)","background-image":"","background-repeat":"repeat","background-position":"center center","background-size":"auto","background-attachment":"scroll","background-type":"","background-media":"","overlay-type":"","overlay-color":"","overlay-opacity":"","overlay-gradient":""},"mobile":{"background-color":"var(--ast-global-color-4)","background-image":"","background-repeat":"repeat","background-position":"center center","background-size":"auto","background-attachment":"scroll","background-type":"","background-media":"","overlay-type":"","overlay-color":"","overlay-opacity":"","overlay-gradient":""}}},"product_brand":[],"product_cat":[416,913,661,673,628],"product_tag":[],"class_list":{"0":"post-21943","1":"product","2":"type-product","3":"status-publish","4":"has-post-thumbnail","6":"product_cat-prefabrykacja","7":"product_cat-bloki-betonowe-lego","8":"product_cat-elementy-przemyslowe","9":"product_cat-prefabrykacja-2","10":"product_cat-rozwiazania","11":"pa_kolor-struktura-antracyt-monocolor","12":"pa_kolor-struktura-antracyt-srutowanie","13":"pa_kolor-struktura-antracyt-clasic","14":"pa_kolor-struktura-bialy-monocolor","15":"pa_kolor-struktura-bialy-srutowanie","16":"pa_kolor-struktura-cieply-popiel-color-mix","17":"pa_kolor-struktura-coffee-mocha-color-mix-antic","18":"pa_kolor-struktura-czerwony-clasic","19":"pa_kolor-struktura-labrador-bez-color-mix","20":"pa_kolor-struktura-slony-karmel-color-mix","21":"pa_kolor-struktura-szara-umbra-color-mix","22":"pa_kolor-struktura-szary-monocolor","23":"pa_kolor-struktura-szary-srutowanie","24":"pa_kolor-struktura-szary-clasic","25":"pa_kolor-struktura-tycjan-color-mix","26":"pa_kolor-struktura-zachod-slonca-color-mix","27":"pa_kolor-struktura-zimny-popiel-color-mix","28":"pa_kolor-struktura-zlota-aleja-color-mix","29":"pa_wybierz-uszlachetnienie-antic","30":"pa_wybierz-uszlachetnienie-classic","31":"pa_wybierz-uszlachetnienie-color-mix","32":"pa_wybierz-uszlachetnienie-monocolor","33":"pa_wybierz-uszlachetnienie-srutowanie","34":"pa_zabezpieczenie-powierzchni-wrc-1-standard","35":"pa_zabezpieczenie-powierzchni-wrc-5","36":"desktop-align-left","37":"tablet-align-left","38":"mobile-align-left","40":"first","41":"instock","42":"taxable","43":"shipping-taxable","44":"purchasable","45":"product-type-variable"},"acf":[],"_links":{"self":[{"href":"https:\/\/pebek.pl\/en\/wp-json\/wp\/v2\/product\/21943","targetHints":{"allow":["GET"]}}],"collection":[{"href":"https:\/\/pebek.pl\/en\/wp-json\/wp\/v2\/product"}],"about":[{"href":"https:\/\/pebek.pl\/en\/wp-json\/wp\/v2\/types\/product"}],"wp:featuredmedia":[{"embeddable":true,"href":"https:\/\/pebek.pl\/en\/wp-json\/wp\/v2\/media\/21996"}],"wp:attachment":[{"href":"https:\/\/pebek.pl\/en\/wp-json\/wp\/v2\/media?parent=21943"}],"wp:term":[{"taxonomy":"product_brand","embeddable":true,"href":"https:\/\/pebek.pl\/en\/wp-json\/wp\/v2\/product_brand?post=21943"},{"taxonomy":"product_cat","embeddable":true,"href":"https:\/\/pebek.pl\/en\/wp-json\/wp\/v2\/product_cat?post=21943"},{"taxonomy":"product_tag","embeddable":true,"href":"https:\/\/pebek.pl\/en\/wp-json\/wp\/v2\/product_tag?post=21943"}],"curies":[{"name":"wp","href":"https:\/\/api.w.org\/{rel}","templated":true}]}}