{"id":22129,"date":"2026-02-19T14:03:24","date_gmt":"2026-02-19T13:03:24","guid":{"rendered":"https:\/\/pebek.pl\/?post_type=product&#038;p=22129"},"modified":"2026-03-25T17:31:15","modified_gmt":"2026-03-25T16:31:15","slug":"kostka-prostokat","status":"publish","type":"product","link":"https:\/\/pebek.pl\/en\/sklep\/rozwiazania\/elementy-przemyslowe\/budownictwo-przemyslowe\/elementy-budownictwa-drogowego\/nawierzchnia\/kostka-prostokat\/","title":{"rendered":"Kostka Prostok\u0105t"},"content":{"rendered":"<p data-start=\"33\" data-end=\"273\">Uniwersalna i trwa\u0142a kostka betonowa w klasycznym kszta\u0142cie prostok\u0105ta, idealna do wykonywania nawierzchni wok\u00f3\u0142 dom\u00f3w, firm oraz przestrzeni publicznych. Prosta forma pozwala na tworzenie zar\u00f3wno tradycyjnych, jak i nowoczesnych aran\u017cacji.<\/p>\n<p data-start=\"275\" data-end=\"462\">Produkt wykonany z wysokiej jako\u015bci betonu, odpornego na \u015bcieranie, obci\u0105\u017cenia oraz zmienne warunki atmosferyczne. Doskonale sprawdza si\u0119 na podjazdach, chodnikach, tarasach i parkingach.<\/p>\n<p>&nbsp;<\/p>\n","protected":false},"excerpt":{"rendered":"<p>Uniwersalna i trwa\u0142a kostka betonowa w klasycznym kszta\u0142cie prostok\u0105ta, idealna do wykonywania nawierzchni wok\u00f3\u0142 dom\u00f3w, firm oraz przestrzeni publicznych.<\/p>\n","protected":false},"featured_media":22133,"template":"","meta":{"_acf_changed":false,"site-sidebar-layout":"default","site-content-layout":"default","ast-site-content-layout":"default","site-content-style":"default","site-sidebar-style":"default","ast-global-header-display":"","ast-banner-title-visibility":"","ast-main-header-display":"","ast-hfb-above-header-display":"","ast-hfb-below-header-display":"","ast-hfb-mobile-header-display":"","site-post-title":"","ast-breadcrumbs-content":"","ast-featured-img":"","footer-sml-layout":"","ast-disable-related-posts":"","theme-transparent-header-meta":"default","adv-header-id-meta":"","stick-header-meta":"default","header-above-stick-meta":"","header-main-stick-meta":"","header-below-stick-meta":"","astra-migrate-meta-layouts":"set","ast-page-background-enabled":"default","ast-page-background-meta":{"desktop":{"background-color":"var(--ast-global-color-5)","background-image":"","background-repeat":"repeat","background-position":"center center","background-size":"auto","background-attachment":"scroll","background-type":"","background-media":"","overlay-type":"","overlay-color":"","overlay-opacity":"","overlay-gradient":""},"tablet":{"background-color":"","background-image":"","background-repeat":"repeat","background-position":"center center","background-size":"auto","background-attachment":"scroll","background-type":"","background-media":"","overlay-type":"","overlay-color":"","overlay-opacity":"","overlay-gradient":""},"mobile":{"background-color":"","background-image":"","background-repeat":"repeat","background-position":"center center","background-size":"auto","background-attachment":"scroll","background-type":"","background-media":"","overlay-type":"","overlay-color":"","overlay-opacity":"","overlay-gradient":""}},"ast-content-background-meta":{"desktop":{"background-color":"var(--ast-global-color-4)","background-image":"","background-repeat":"repeat","background-position":"center center","background-size":"auto","background-attachment":"scroll","background-type":"","background-media":"","overlay-type":"","overlay-color":"","overlay-opacity":"","overlay-gradient":""},"tablet":{"background-color":"var(--ast-global-color-4)","background-image":"","background-repeat":"repeat","background-position":"center center","background-size":"auto","background-attachment":"scroll","background-type":"","background-media":"","overlay-type":"","overlay-color":"","overlay-opacity":"","overlay-gradient":""},"mobile":{"background-color":"var(--ast-global-color-4)","background-image":"","background-repeat":"repeat","background-position":"center center","background-size":"auto","background-attachment":"scroll","background-type":"","background-media":"","overlay-type":"","overlay-color":"","overlay-opacity":"","overlay-gradient":""}}},"product_brand":[],"product_cat":[689],"product_tag":[],"class_list":{"0":"post-22129","1":"product","2":"type-product","3":"status-publish","4":"has-post-thumbnail","6":"product_cat-nawierzchnia","7":"pa_grubosc-6-cm","8":"pa_grubosc-8-bez-fazy","9":"pa_grubosc-8-cm","10":"pa_wrc-wrc-1","11":"desktop-align-left","12":"tablet-align-left","13":"mobile-align-left","15":"first","16":"instock","17":"taxable","18":"shipping-taxable","19":"purchasable","20":"product-type-variable"},"acf":[],"_links":{"self":[{"href":"https:\/\/pebek.pl\/en\/wp-json\/wp\/v2\/product\/22129","targetHints":{"allow":["GET"]}}],"collection":[{"href":"https:\/\/pebek.pl\/en\/wp-json\/wp\/v2\/product"}],"about":[{"href":"https:\/\/pebek.pl\/en\/wp-json\/wp\/v2\/types\/product"}],"wp:featuredmedia":[{"embeddable":true,"href":"https:\/\/pebek.pl\/en\/wp-json\/wp\/v2\/media\/22133"}],"wp:attachment":[{"href":"https:\/\/pebek.pl\/en\/wp-json\/wp\/v2\/media?parent=22129"}],"wp:term":[{"taxonomy":"product_brand","embeddable":true,"href":"https:\/\/pebek.pl\/en\/wp-json\/wp\/v2\/product_brand?post=22129"},{"taxonomy":"product_cat","embeddable":true,"href":"https:\/\/pebek.pl\/en\/wp-json\/wp\/v2\/product_cat?post=22129"},{"taxonomy":"product_tag","embeddable":true,"href":"https:\/\/pebek.pl\/en\/wp-json\/wp\/v2\/product_tag?post=22129"}],"curies":[{"name":"wp","href":"https:\/\/api.w.org\/{rel}","templated":true}]}}